{"id":2,"date":"2022-01-27T20:39:02","date_gmt":"2022-01-27T19:39:02","guid":{"rendered":"https:\/\/antifake.fr\/?page_id=2"},"modified":"2022-03-24T15:42:00","modified_gmt":"2022-03-24T14:42:00","slug":"home","status":"publish","type":"page","link":"https:\/\/antifake.fr\/es\/","title":{"rendered":"\u00abYES, WE CANnaBis FREE!\u00bb"},"content":{"rendered":"\n<p>ANTIFAKE es un sitio web de informaci\u00f3n, distribuci\u00f3n e intercambio de obras de artistas \u00abgr\u00e1ficos\u00bb y \u00abvisuales\u00bb comprometidos.<br>Este sitio web da a ver y propone las realizaciones creadas por artistas militantes a trav\u00e9s de todos medios.ns cr\u00e9es par des artistes militants de tout domaine.<\/p>\n","protected":false},"excerpt":{"rendered":"<p>ANTIFAKE es un sitio web de informaci\u00f3n, distribuci\u00f3n e intercambio de obras de artistas \u00abgr\u00e1ficos\u00bb y \u00abvisuales\u00bb comprometidos.Este sitio web da a ver y propone las realizaciones creadas por artistas militantes a trav\u00e9s de todos medios.ns cr\u00e9es par des artistes militants de tout domaine.<\/p>\n","protected":false},"author":1,"featured_media":0,"parent":0,"menu_order":0,"comment_status":"closed","ping_status":"open","template":"","meta":{"footnotes":""},"class_list":["post-2","page","type-page","status-publish","hentry"],"acf":[],"yoast_head":"<!-- This site is optimized with the Yoast SEO plugin v23.9 - https:\/\/yoast.com\/wordpress\/plugins\/seo\/ -->\n<title>&quot;YES, WE CANnaBis FREE!&quot;<\/title>\n<meta name=\"description\" content=\"ANTIFAKE es un sitio web de informaci\u00f3n, distribuci\u00f3n e intercambio de obras de artistas &quot;gr\u00e1ficos&quot; y &quot;visuales&quot; comprometidos. Este sitio web da a ver y propone las realizaciones creadas por artistas militantes a trav\u00e9s de todos medios.\" \/>\n<meta name=\"robots\" content=\"index, follow, max-snippet:-1, max-image-preview:large, max-video-preview:-1\" \/>\n<link rel=\"canonical\" href=\"https:\/\/antifake.fr\/es\/\" \/>\n<meta property=\"og:locale\" content=\"es_ES\" \/>\n<meta property=\"og:locale:alternate\" content=\"fr_FR\" \/>\n<meta property=\"og:type\" content=\"article\" \/>\n<meta property=\"og:title\" content=\"&quot;YES, WE CANnaBis FREE!&quot;\" \/>\n<meta property=\"og:description\" content=\"ANTIFAKE est un site d&#039;information, de diffusion, de partages d\u2019\u0153uvres d&#039;artistes &quot;graphique&quot;, &quot;visuel&quot; engag\u00e9s. Ce site donne \u00e0 voir et propose les r\u00e9alisations cr\u00e9es par des artistes militants de tout domaine.\" \/>\n<meta property=\"og:url\" content=\"https:\/\/antifake.fr\/es\/\" \/>\n<meta property=\"og:site_name\" content=\"Antifake\" \/>\n<meta property=\"article:modified_time\" content=\"2022-03-24T14:42:00+00:00\" \/>\n<meta name=\"twitter:card\" content=\"summary_large_image\" \/>\n<meta name=\"twitter:label1\" content=\"Tiempo de lectura\" \/>\n\t<meta name=\"twitter:data1\" content=\"1 minuto\" \/>\n<script type=\"application\/ld+json\" class=\"yoast-schema-graph\">{\"@context\":\"https:\/\/schema.org\",\"@graph\":[{\"@type\":\"WebPage\",\"@id\":\"https:\/\/antifake.fr\/\",\"url\":\"https:\/\/antifake.fr\/\",\"name\":\"\\\"YES, WE CANnaBis FREE!\\\"\",\"isPartOf\":{\"@id\":\"https:\/\/antifake.fr\/#website\"},\"datePublished\":\"2022-01-27T19:39:02+00:00\",\"dateModified\":\"2022-03-24T14:42:00+00:00\",\"description\":\"ANTIFAKE est un site d'information, de diffusion, de partages d\u2019\u0153uvres d'artistes \\\"graphique\\\", \\\"visuel\\\" engag\u00e9s. Ce site donne \u00e0 voir et propose les r\u00e9alisations cr\u00e9es par des artistes militants de tout domaine.\",\"breadcrumb\":{\"@id\":\"https:\/\/antifake.fr\/#breadcrumb\"},\"inLanguage\":\"es-ES\",\"potentialAction\":[{\"@type\":\"ReadAction\",\"target\":[\"https:\/\/antifake.fr\/\"]}]},{\"@type\":\"BreadcrumbList\",\"@id\":\"https:\/\/antifake.fr\/#breadcrumb\",\"itemListElement\":[{\"@type\":\"ListItem\",\"position\":1,\"name\":\"Accueil\",\"item\":\"https:\/\/antifake.fr\/\"},{\"@type\":\"ListItem\",\"position\":2,\"name\":\"&#8220;YES, WE CANnaBis FREE!&#8221;\"}]},{\"@type\":\"WebSite\",\"@id\":\"https:\/\/antifake.fr\/#website\",\"url\":\"https:\/\/antifake.fr\/\",\"name\":\"Antifake\",\"description\":\"YES, WE CANnaBIS FREE!\",\"potentialAction\":[{\"@type\":\"SearchAction\",\"target\":{\"@type\":\"EntryPoint\",\"urlTemplate\":\"https:\/\/antifake.fr\/?s={search_term_string}\"},\"query-input\":{\"@type\":\"PropertyValueSpecification\",\"valueRequired\":true,\"valueName\":\"search_term_string\"}}],\"inLanguage\":\"es-ES\"}]}<\/script>\n<!-- \/ Yoast SEO plugin. -->","yoast_head_json":{"title":"\"YES, WE CANnaBis FREE!\"","description":"ANTIFAKE es un sitio web de informaci\u00f3n, distribuci\u00f3n e intercambio de obras de artistas \"gr\u00e1ficos\" y \"visuales\" comprometidos. Este sitio web da a ver y propone las realizaciones creadas por artistas militantes a trav\u00e9s de todos medios.","robots":{"index":"index","follow":"follow","max-snippet":"max-snippet:-1","max-image-preview":"max-image-preview:large","max-video-preview":"max-video-preview:-1"},"canonical":"https:\/\/antifake.fr\/es\/","og_locale":"es_ES","og_type":"article","og_title":"[:fr]\"YES, WE CANnaBis FREE!\"[:] - Antifake","og_description":"ANTIFAKE est un site d'information, de diffusion, de partages d\u2019\u0153uvres d'artistes \"graphique\", \"visuel\" engag\u00e9s. Ce site donne \u00e0 voir et propose les r\u00e9alisations cr\u00e9es par des artistes militants de tout domaine.","og_url":"https:\/\/antifake.fr\/es\/","og_site_name":"Antifake","article_modified_time":"2022-03-24T14:42:00+00:00","twitter_card":"summary_large_image","twitter_misc":{"Tiempo de lectura":"1 minuto"},"schema":{"@context":"https:\/\/schema.org","@graph":[{"@type":"WebPage","@id":"https:\/\/antifake.fr\/","url":"https:\/\/antifake.fr\/","name":"\"YES, WE CANnaBis FREE!\"","isPartOf":{"@id":"https:\/\/antifake.fr\/#website"},"datePublished":"2022-01-27T19:39:02+00:00","dateModified":"2022-03-24T14:42:00+00:00","description":"ANTIFAKE est un site d'information, de diffusion, de partages d\u2019\u0153uvres d'artistes \"graphique\", \"visuel\" engag\u00e9s. Ce site donne \u00e0 voir et propose les r\u00e9alisations cr\u00e9es par des artistes militants de tout domaine.","breadcrumb":{"@id":"https:\/\/antifake.fr\/#breadcrumb"},"inLanguage":"es-ES","potentialAction":[{"@type":"ReadAction","target":["https:\/\/antifake.fr\/"]}]},{"@type":"BreadcrumbList","@id":"https:\/\/antifake.fr\/#breadcrumb","itemListElement":[{"@type":"ListItem","position":1,"name":"Accueil","item":"https:\/\/antifake.fr\/"},{"@type":"ListItem","position":2,"name":"&#8220;YES, WE CANnaBis FREE!&#8221;"}]},{"@type":"WebSite","@id":"https:\/\/antifake.fr\/#website","url":"https:\/\/antifake.fr\/","name":"Antifake","description":"YES, WE CANnaBIS FREE!","potentialAction":[{"@type":"SearchAction","target":{"@type":"EntryPoint","urlTemplate":"https:\/\/antifake.fr\/?s={search_term_string}"},"query-input":{"@type":"PropertyValueSpecification","valueRequired":true,"valueName":"search_term_string"}}],"inLanguage":"es-ES"}]}},"_links":{"self":[{"href":"https:\/\/antifake.fr\/es\/wp-json\/wp\/v2\/pages\/2","targetHints":{"allow":["GET"]}}],"collection":[{"href":"https:\/\/antifake.fr\/es\/wp-json\/wp\/v2\/pages"}],"about":[{"href":"https:\/\/antifake.fr\/es\/wp-json\/wp\/v2\/types\/page"}],"author":[{"embeddable":true,"href":"https:\/\/antifake.fr\/es\/wp-json\/wp\/v2\/users\/1"}],"replies":[{"embeddable":true,"href":"https:\/\/antifake.fr\/es\/wp-json\/wp\/v2\/comments?post=2"}],"version-history":[{"count":25,"href":"https:\/\/antifake.fr\/es\/wp-json\/wp\/v2\/pages\/2\/revisions"}],"predecessor-version":[{"id":468,"href":"https:\/\/antifake.fr\/es\/wp-json\/wp\/v2\/pages\/2\/revisions\/468"}],"wp:attachment":[{"href":"https:\/\/antifake.fr\/es\/wp-json\/wp\/v2\/media?parent=2"}],"curies":[{"name":"wp","href":"https:\/\/api.w.org\/{rel}","templated":true}]}}