{"id":133,"date":"2022-02-06T16:02:02","date_gmt":"2022-02-06T15:02:02","guid":{"rendered":"https:\/\/antifake.fr\/?post_type=product&#038;p=133"},"modified":"2022-07-21T13:33:33","modified_gmt":"2022-07-21T11:33:33","slug":"lampe-green-peace","status":"publish","type":"product","link":"https:\/\/antifake.fr\/es\/shop\/lampes\/lampe-green-peace\/","title":{"rendered":"Lampe GREEN &#038; PEACE"},"content":{"rendered":"","protected":false},"excerpt":{"rendered":"<p>Lampe GREEN &#038; PEACE &#8211; Pi\u00e8ce UNIQUE<\/p>\n<p>Les abats jour de ces lampes sont peints \u00e0 la bombe a\u00e9rosol en utilisant de v\u00e9ritables feuilles de chanvre comme empreintes, certains diront \u00abpochoirs\u00bb.<\/p>\n<p>Ces lampes sont cr\u00e9es dans le cadre du projet \u00abYES, WE CANnaBis FREE!\u00bb by MCCM, expositions itin\u00e9rantes de peintures autour du chanvre\/cannabis. Ce projet \u00e0 pour vocation de participer au d\u00e9bat vers la fin de la prohibition en France.<\/p>\n<p>Dimensions: H: 29 cm &#8211; L: 15 cm &#8211; P: 12,5 cm<\/p>\n<p>Mati\u00e8res: Coton\/m\u00e9tal\/c\u00e9ramique<\/p>\n","protected":false},"featured_media":150,"template":"","meta":[],"product_brand":[],"product_cat":[26],"product_tag":[],"class_list":{"0":"post-133","1":"product","2":"type-product","3":"status-publish","4":"has-post-thumbnail","6":"product_cat-lampes","7":"product_shipping_class-lampe","9":"first","10":"instock","11":"shipping-taxable","12":"purchasable","13":"product-type-simple"},"acf":[],"yoast_head":"<!-- This site is optimized with the Yoast SEO plugin v23.9 - https:\/\/yoast.com\/wordpress\/plugins\/seo\/ -->\n<title>Lampe GREEN &amp; PEACE<\/title>\n<meta name=\"robots\" content=\"index, follow, max-snippet:-1, max-image-preview:large, max-video-preview:-1\" \/>\n<link rel=\"canonical\" href=\"https:\/\/antifake.fr\/es\/shop\/lampes\/lampe-green-peace\/\" \/>\n<meta property=\"og:locale\" content=\"es_ES\" \/>\n<meta property=\"og:locale:alternate\" content=\"fr_FR\" \/>\n<meta property=\"og:type\" content=\"article\" \/>\n<meta property=\"og:title\" content=\"Lampe GREEN &amp; PEACE\" \/>\n<meta property=\"og:description\" content=\"Lampe GREEN &amp; PEACE - Pi\u00e8ce UNIQUE  Les abats jour de ces lampes sont peints \u00e0 la bombe a\u00e9rosol en utilisant de v\u00e9ritables feuilles de chanvre comme empreintes, certains diront &quot;pochoirs&quot;.  Ces lampes sont cr\u00e9es dans le cadre du projet &quot;YES, WE CANnaBis FREE!&quot; by MCCM, expositions itin\u00e9rantes de peintures autour du chanvre\/cannabis. Ce projet \u00e0 pour vocation de participer au d\u00e9bat vers la fin de la prohibition en France.  Dimensions: H: 29 cm - L: 15 cm - P: 12,5 cm  Mati\u00e8res: Coton\/m\u00e9tal\/c\u00e9ramique\" \/>\n<meta property=\"og:url\" content=\"https:\/\/antifake.fr\/es\/shop\/lampes\/lampe-green-peace\/\" \/>\n<meta property=\"og:site_name\" content=\"Antifake\" \/>\n<meta property=\"article:modified_time\" content=\"2022-07-21T11:33:33+00:00\" \/>\n<meta property=\"og:image\" content=\"https:\/\/antifake.fr\/wp-content\/uploads\/2022\/02\/IMG_9576.jpg\" \/>\n\t<meta property=\"og:image:width\" content=\"907\" \/>\n\t<meta property=\"og:image:height\" content=\"1209\" \/>\n\t<meta property=\"og:image:type\" content=\"image\/jpeg\" \/>\n<meta name=\"twitter:card\" content=\"summary_large_image\" \/>\n<script type=\"application\/ld+json\" class=\"yoast-schema-graph\">{\"@context\":\"https:\/\/schema.org\",\"@graph\":[{\"@type\":\"WebPage\",\"@id\":\"https:\/\/antifake.fr\/shop\/lampes\/lampe-green-peace\/\",\"url\":\"https:\/\/antifake.fr\/shop\/lampes\/lampe-green-peace\/\",\"name\":\"Lampe GREEN & PEACE\",\"isPartOf\":{\"@id\":\"https:\/\/antifake.fr\/#website\"},\"primaryImageOfPage\":{\"@id\":\"https:\/\/antifake.fr\/shop\/lampes\/lampe-green-peace\/#primaryimage\"},\"image\":{\"@id\":\"https:\/\/antifake.fr\/shop\/lampes\/lampe-green-peace\/#primaryimage\"},\"thumbnailUrl\":\"https:\/\/antifake.fr\/wp-content\/uploads\/2022\/02\/IMG_9576.jpg\",\"datePublished\":\"2022-02-06T15:02:02+00:00\",\"dateModified\":\"2022-07-21T11:33:33+00:00\",\"breadcrumb\":{\"@id\":\"https:\/\/antifake.fr\/shop\/lampes\/lampe-green-peace\/#breadcrumb\"},\"inLanguage\":\"es-ES\",\"potentialAction\":[{\"@type\":\"ReadAction\",\"target\":[\"https:\/\/antifake.fr\/shop\/lampes\/lampe-green-peace\/\"]}]},{\"@type\":\"ImageObject\",\"inLanguage\":\"es-ES\",\"@id\":\"https:\/\/antifake.fr\/shop\/lampes\/lampe-green-peace\/#primaryimage\",\"url\":\"https:\/\/antifake.fr\/wp-content\/uploads\/2022\/02\/IMG_9576.jpg\",\"contentUrl\":\"https:\/\/antifake.fr\/wp-content\/uploads\/2022\/02\/IMG_9576.jpg\",\"width\":907,\"height\":1209},{\"@type\":\"BreadcrumbList\",\"@id\":\"https:\/\/antifake.fr\/shop\/lampes\/lampe-green-peace\/#breadcrumb\",\"itemListElement\":[{\"@type\":\"ListItem\",\"position\":1,\"name\":\"Accueil\",\"item\":\"https:\/\/antifake.fr\/\"},{\"@type\":\"ListItem\",\"position\":2,\"name\":\"Shop\",\"item\":\"https:\/\/antifake.fr\/es\/shop\/\"},{\"@type\":\"ListItem\",\"position\":3,\"name\":\"Lampe GREEN &#038; PEACE\"}]},{\"@type\":\"WebSite\",\"@id\":\"https:\/\/antifake.fr\/#website\",\"url\":\"https:\/\/antifake.fr\/\",\"name\":\"Antifake\",\"description\":\"YES, WE CANnaBIS FREE!\",\"potentialAction\":[{\"@type\":\"SearchAction\",\"target\":{\"@type\":\"EntryPoint\",\"urlTemplate\":\"https:\/\/antifake.fr\/?s={search_term_string}\"},\"query-input\":{\"@type\":\"PropertyValueSpecification\",\"valueRequired\":true,\"valueName\":\"search_term_string\"}}],\"inLanguage\":\"es-ES\"}]}<\/script>\n<!-- \/ Yoast SEO plugin. -->","yoast_head_json":{"title":"Lampe GREEN & PEACE","robots":{"index":"index","follow":"follow","max-snippet":"max-snippet:-1","max-image-preview":"max-image-preview:large","max-video-preview":"max-video-preview:-1"},"canonical":"https:\/\/antifake.fr\/es\/shop\/lampes\/lampe-green-peace\/","og_locale":"es_ES","og_type":"article","og_title":"[:fr]Lampe GREEN & PEACE[:] - Antifake","og_description":"Lampe GREEN & PEACE - Pi\u00e8ce UNIQUE  Les abats jour de ces lampes sont peints \u00e0 la bombe a\u00e9rosol en utilisant de v\u00e9ritables feuilles de chanvre comme empreintes, certains diront \"pochoirs\".  Ces lampes sont cr\u00e9es dans le cadre du projet \"YES, WE CANnaBis FREE!\" by MCCM, expositions itin\u00e9rantes de peintures autour du chanvre\/cannabis. Ce projet \u00e0 pour vocation de participer au d\u00e9bat vers la fin de la prohibition en France.  Dimensions: H: 29 cm - L: 15 cm - P: 12,5 cm  Mati\u00e8res: Coton\/m\u00e9tal\/c\u00e9ramique","og_url":"https:\/\/antifake.fr\/es\/shop\/lampes\/lampe-green-peace\/","og_site_name":"Antifake","article_modified_time":"2022-07-21T11:33:33+00:00","og_image":[{"width":907,"height":1209,"url":"https:\/\/antifake.fr\/wp-content\/uploads\/2022\/02\/IMG_9576.jpg","type":"image\/jpeg"}],"twitter_card":"summary_large_image","schema":{"@context":"https:\/\/schema.org","@graph":[{"@type":"WebPage","@id":"https:\/\/antifake.fr\/shop\/lampes\/lampe-green-peace\/","url":"https:\/\/antifake.fr\/shop\/lampes\/lampe-green-peace\/","name":"Lampe GREEN & PEACE","isPartOf":{"@id":"https:\/\/antifake.fr\/#website"},"primaryImageOfPage":{"@id":"https:\/\/antifake.fr\/shop\/lampes\/lampe-green-peace\/#primaryimage"},"image":{"@id":"https:\/\/antifake.fr\/shop\/lampes\/lampe-green-peace\/#primaryimage"},"thumbnailUrl":"https:\/\/antifake.fr\/wp-content\/uploads\/2022\/02\/IMG_9576.jpg","datePublished":"2022-02-06T15:02:02+00:00","dateModified":"2022-07-21T11:33:33+00:00","breadcrumb":{"@id":"https:\/\/antifake.fr\/shop\/lampes\/lampe-green-peace\/#breadcrumb"},"inLanguage":"es-ES","potentialAction":[{"@type":"ReadAction","target":["https:\/\/antifake.fr\/shop\/lampes\/lampe-green-peace\/"]}]},{"@type":"ImageObject","inLanguage":"es-ES","@id":"https:\/\/antifake.fr\/shop\/lampes\/lampe-green-peace\/#primaryimage","url":"https:\/\/antifake.fr\/wp-content\/uploads\/2022\/02\/IMG_9576.jpg","contentUrl":"https:\/\/antifake.fr\/wp-content\/uploads\/2022\/02\/IMG_9576.jpg","width":907,"height":1209},{"@type":"BreadcrumbList","@id":"https:\/\/antifake.fr\/shop\/lampes\/lampe-green-peace\/#breadcrumb","itemListElement":[{"@type":"ListItem","position":1,"name":"Accueil","item":"https:\/\/antifake.fr\/"},{"@type":"ListItem","position":2,"name":"Shop","item":"https:\/\/antifake.fr\/es\/shop\/"},{"@type":"ListItem","position":3,"name":"Lampe GREEN &#038; PEACE"}]},{"@type":"WebSite","@id":"https:\/\/antifake.fr\/#website","url":"https:\/\/antifake.fr\/","name":"Antifake","description":"YES, WE CANnaBIS FREE!","potentialAction":[{"@type":"SearchAction","target":{"@type":"EntryPoint","urlTemplate":"https:\/\/antifake.fr\/?s={search_term_string}"},"query-input":{"@type":"PropertyValueSpecification","valueRequired":true,"valueName":"search_term_string"}}],"inLanguage":"es-ES"}]}},"_links":{"self":[{"href":"https:\/\/antifake.fr\/es\/wp-json\/wp\/v2\/product\/133","targetHints":{"allow":["GET"]}}],"collection":[{"href":"https:\/\/antifake.fr\/es\/wp-json\/wp\/v2\/product"}],"about":[{"href":"https:\/\/antifake.fr\/es\/wp-json\/wp\/v2\/types\/product"}],"wp:featuredmedia":[{"embeddable":true,"href":"https:\/\/antifake.fr\/es\/wp-json\/wp\/v2\/media\/150"}],"wp:attachment":[{"href":"https:\/\/antifake.fr\/es\/wp-json\/wp\/v2\/media?parent=133"}],"wp:term":[{"taxonomy":"product_brand","embeddable":true,"href":"https:\/\/antifake.fr\/es\/wp-json\/wp\/v2\/product_brand?post=133"},{"taxonomy":"product_cat","embeddable":true,"href":"https:\/\/antifake.fr\/es\/wp-json\/wp\/v2\/product_cat?post=133"},{"taxonomy":"product_tag","embeddable":true,"href":"https:\/\/antifake.fr\/es\/wp-json\/wp\/v2\/product_tag?post=133"}],"curies":[{"name":"wp","href":"https:\/\/api.w.org\/{rel}","templated":true}]}}