{"id":159,"date":"2022-02-07T13:49:31","date_gmt":"2022-02-07T12:49:31","guid":{"rendered":"https:\/\/antifake.fr\/?post_type=product&#038;p=159"},"modified":"2022-07-21T13:33:33","modified_gmt":"2022-07-21T11:33:33","slug":"lampe-blue-points","status":"publish","type":"product","link":"https:\/\/antifake.fr\/es\/shop\/lampes\/lampe-blue-points\/","title":{"rendered":"Lampe BLUE POINTS"},"content":{"rendered":"","protected":false},"excerpt":{"rendered":"<p>Les abats jour de ces lampes sont peints \u00e0 la bombe a\u00e9rosol en utilisant de v\u00e9ritables feuilles de chanvre comme empreintes, certains diront \u00abpochoirs\u00bb.<\/p>\n<p>Chaque lampe est une PIECE UNIQUE.<\/p>\n<p>Apr\u00e8s personnalisation, la pose d&#8217;une couche de vernis mat de protection est appos\u00e9e. La lampe est livr\u00e9e sans ampoule qu&#8217;il faut ajouter, petit culot, de 20 \u00e0 40W maximum en 220V.<\/p>\n<p>Ces lampes sont cr\u00e9es dans le cadre du projet \u00abYES, WE CANnaBis FREE!\u00bb by MCCM, expositions itin\u00e9rantes de peintures autour du chanvre\/cannabis. Ce projet \u00e0 pour vocation de participer au d\u00e9bat vers la fin de la prohibition en France.<\/p>\n<p>Dimensions: H: 29 cm &#8211; L: 15 cm &#8211; P: 12,5 cm<\/p>\n<p>Mati\u00e8res: Coton\/m\u00e9tal\/c\u00e9ramique<\/p>\n","protected":false},"featured_media":151,"template":"","meta":[],"product_brand":[],"product_cat":[26],"product_tag":[],"class_list":{"0":"post-159","1":"product","2":"type-product","3":"status-publish","4":"has-post-thumbnail","6":"product_cat-lampes","7":"product_shipping_class-lampe","9":"first","10":"instock","11":"shipping-taxable","12":"purchasable","13":"product-type-simple"},"acf":[],"yoast_head":"<!-- This site is optimized with the Yoast SEO plugin v23.9 - https:\/\/yoast.com\/wordpress\/plugins\/seo\/ -->\n<title>Lampe BLUE POINTS<\/title>\n<meta name=\"robots\" content=\"index, follow, max-snippet:-1, max-image-preview:large, max-video-preview:-1\" \/>\n<link rel=\"canonical\" href=\"https:\/\/antifake.fr\/es\/shop\/lampes\/lampe-blue-points\/\" \/>\n<meta property=\"og:locale\" content=\"es_ES\" \/>\n<meta property=\"og:locale:alternate\" content=\"fr_FR\" \/>\n<meta property=\"og:type\" content=\"article\" \/>\n<meta property=\"og:title\" content=\"Lampe BLUE POINTS\" \/>\n<meta property=\"og:description\" content=\"Les abats jour de ces lampes sont peints \u00e0 la bombe a\u00e9rosol en utilisant de v\u00e9ritables feuilles de chanvre comme empreintes, certains diront &quot;pochoirs&quot;.  Chaque lampe est une PIECE UNIQUE.  Apr\u00e8s personnalisation, la pose d&#039;une couche de vernis mat de protection est appos\u00e9e. La lampe est livr\u00e9e sans ampoule qu&#039;il faut ajouter, petit culot, de 20 \u00e0 40W maximum en 220V.  Ces lampes sont cr\u00e9es dans le cadre du projet &quot;YES, WE CANnaBis FREE!&quot; by MCCM, expositions itin\u00e9rantes de peintures autour du chanvre\/cannabis. Ce projet \u00e0 pour vocation de participer au d\u00e9bat vers la fin de la prohibition en France.  Dimensions: H: 29 cm - L: 15 cm - P: 12,5 cm  Mati\u00e8res: Coton\/m\u00e9tal\/c\u00e9ramique\" \/>\n<meta property=\"og:url\" content=\"https:\/\/antifake.fr\/es\/shop\/lampes\/lampe-blue-points\/\" \/>\n<meta property=\"og:site_name\" content=\"Antifake\" \/>\n<meta property=\"article:modified_time\" content=\"2022-07-21T11:33:33+00:00\" \/>\n<meta property=\"og:image\" content=\"https:\/\/antifake.fr\/wp-content\/uploads\/2022\/02\/IMG_9577.jpg\" \/>\n\t<meta property=\"og:image:width\" content=\"907\" \/>\n\t<meta property=\"og:image:height\" content=\"1209\" \/>\n\t<meta property=\"og:image:type\" content=\"image\/jpeg\" \/>\n<meta name=\"twitter:card\" content=\"summary_large_image\" \/>\n<script type=\"application\/ld+json\" class=\"yoast-schema-graph\">{\"@context\":\"https:\/\/schema.org\",\"@graph\":[{\"@type\":\"WebPage\",\"@id\":\"https:\/\/antifake.fr\/shop\/lampes\/lampe-blue-points\/\",\"url\":\"https:\/\/antifake.fr\/shop\/lampes\/lampe-blue-points\/\",\"name\":\"Lampe BLUE POINTS\",\"isPartOf\":{\"@id\":\"https:\/\/antifake.fr\/#website\"},\"primaryImageOfPage\":{\"@id\":\"https:\/\/antifake.fr\/shop\/lampes\/lampe-blue-points\/#primaryimage\"},\"image\":{\"@id\":\"https:\/\/antifake.fr\/shop\/lampes\/lampe-blue-points\/#primaryimage\"},\"thumbnailUrl\":\"https:\/\/antifake.fr\/wp-content\/uploads\/2022\/02\/IMG_9577.jpg\",\"datePublished\":\"2022-02-07T12:49:31+00:00\",\"dateModified\":\"2022-07-21T11:33:33+00:00\",\"breadcrumb\":{\"@id\":\"https:\/\/antifake.fr\/shop\/lampes\/lampe-blue-points\/#breadcrumb\"},\"inLanguage\":\"es-ES\",\"potentialAction\":[{\"@type\":\"ReadAction\",\"target\":[\"https:\/\/antifake.fr\/shop\/lampes\/lampe-blue-points\/\"]}]},{\"@type\":\"ImageObject\",\"inLanguage\":\"es-ES\",\"@id\":\"https:\/\/antifake.fr\/shop\/lampes\/lampe-blue-points\/#primaryimage\",\"url\":\"https:\/\/antifake.fr\/wp-content\/uploads\/2022\/02\/IMG_9577.jpg\",\"contentUrl\":\"https:\/\/antifake.fr\/wp-content\/uploads\/2022\/02\/IMG_9577.jpg\",\"width\":907,\"height\":1209},{\"@type\":\"BreadcrumbList\",\"@id\":\"https:\/\/antifake.fr\/shop\/lampes\/lampe-blue-points\/#breadcrumb\",\"itemListElement\":[{\"@type\":\"ListItem\",\"position\":1,\"name\":\"Accueil\",\"item\":\"https:\/\/antifake.fr\/\"},{\"@type\":\"ListItem\",\"position\":2,\"name\":\"Shop\",\"item\":\"https:\/\/antifake.fr\/es\/shop\/\"},{\"@type\":\"ListItem\",\"position\":3,\"name\":\"Lampe BLUE POINTS\"}]},{\"@type\":\"WebSite\",\"@id\":\"https:\/\/antifake.fr\/#website\",\"url\":\"https:\/\/antifake.fr\/\",\"name\":\"Antifake\",\"description\":\"YES, WE CANnaBIS FREE!\",\"potentialAction\":[{\"@type\":\"SearchAction\",\"target\":{\"@type\":\"EntryPoint\",\"urlTemplate\":\"https:\/\/antifake.fr\/?s={search_term_string}\"},\"query-input\":{\"@type\":\"PropertyValueSpecification\",\"valueRequired\":true,\"valueName\":\"search_term_string\"}}],\"inLanguage\":\"es-ES\"}]}<\/script>\n<!-- \/ Yoast SEO plugin. -->","yoast_head_json":{"title":"Lampe BLUE POINTS","robots":{"index":"index","follow":"follow","max-snippet":"max-snippet:-1","max-image-preview":"max-image-preview:large","max-video-preview":"max-video-preview:-1"},"canonical":"https:\/\/antifake.fr\/es\/shop\/lampes\/lampe-blue-points\/","og_locale":"es_ES","og_type":"article","og_title":"[:fr]Lampe BLUE POINTS[:] - Antifake","og_description":"Les abats jour de ces lampes sont peints \u00e0 la bombe a\u00e9rosol en utilisant de v\u00e9ritables feuilles de chanvre comme empreintes, certains diront \"pochoirs\".  Chaque lampe est une PIECE UNIQUE.  Apr\u00e8s personnalisation, la pose d'une couche de vernis mat de protection est appos\u00e9e. La lampe est livr\u00e9e sans ampoule qu'il faut ajouter, petit culot, de 20 \u00e0 40W maximum en 220V.  Ces lampes sont cr\u00e9es dans le cadre du projet \"YES, WE CANnaBis FREE!\" by MCCM, expositions itin\u00e9rantes de peintures autour du chanvre\/cannabis. Ce projet \u00e0 pour vocation de participer au d\u00e9bat vers la fin de la prohibition en France.  Dimensions: H: 29 cm - L: 15 cm - P: 12,5 cm  Mati\u00e8res: Coton\/m\u00e9tal\/c\u00e9ramique","og_url":"https:\/\/antifake.fr\/es\/shop\/lampes\/lampe-blue-points\/","og_site_name":"Antifake","article_modified_time":"2022-07-21T11:33:33+00:00","og_image":[{"width":907,"height":1209,"url":"https:\/\/antifake.fr\/wp-content\/uploads\/2022\/02\/IMG_9577.jpg","type":"image\/jpeg"}],"twitter_card":"summary_large_image","schema":{"@context":"https:\/\/schema.org","@graph":[{"@type":"WebPage","@id":"https:\/\/antifake.fr\/shop\/lampes\/lampe-blue-points\/","url":"https:\/\/antifake.fr\/shop\/lampes\/lampe-blue-points\/","name":"Lampe BLUE POINTS","isPartOf":{"@id":"https:\/\/antifake.fr\/#website"},"primaryImageOfPage":{"@id":"https:\/\/antifake.fr\/shop\/lampes\/lampe-blue-points\/#primaryimage"},"image":{"@id":"https:\/\/antifake.fr\/shop\/lampes\/lampe-blue-points\/#primaryimage"},"thumbnailUrl":"https:\/\/antifake.fr\/wp-content\/uploads\/2022\/02\/IMG_9577.jpg","datePublished":"2022-02-07T12:49:31+00:00","dateModified":"2022-07-21T11:33:33+00:00","breadcrumb":{"@id":"https:\/\/antifake.fr\/shop\/lampes\/lampe-blue-points\/#breadcrumb"},"inLanguage":"es-ES","potentialAction":[{"@type":"ReadAction","target":["https:\/\/antifake.fr\/shop\/lampes\/lampe-blue-points\/"]}]},{"@type":"ImageObject","inLanguage":"es-ES","@id":"https:\/\/antifake.fr\/shop\/lampes\/lampe-blue-points\/#primaryimage","url":"https:\/\/antifake.fr\/wp-content\/uploads\/2022\/02\/IMG_9577.jpg","contentUrl":"https:\/\/antifake.fr\/wp-content\/uploads\/2022\/02\/IMG_9577.jpg","width":907,"height":1209},{"@type":"BreadcrumbList","@id":"https:\/\/antifake.fr\/shop\/lampes\/lampe-blue-points\/#breadcrumb","itemListElement":[{"@type":"ListItem","position":1,"name":"Accueil","item":"https:\/\/antifake.fr\/"},{"@type":"ListItem","position":2,"name":"Shop","item":"https:\/\/antifake.fr\/es\/shop\/"},{"@type":"ListItem","position":3,"name":"Lampe BLUE POINTS"}]},{"@type":"WebSite","@id":"https:\/\/antifake.fr\/#website","url":"https:\/\/antifake.fr\/","name":"Antifake","description":"YES, WE CANnaBIS FREE!","potentialAction":[{"@type":"SearchAction","target":{"@type":"EntryPoint","urlTemplate":"https:\/\/antifake.fr\/?s={search_term_string}"},"query-input":{"@type":"PropertyValueSpecification","valueRequired":true,"valueName":"search_term_string"}}],"inLanguage":"es-ES"}]}},"_links":{"self":[{"href":"https:\/\/antifake.fr\/es\/wp-json\/wp\/v2\/product\/159","targetHints":{"allow":["GET"]}}],"collection":[{"href":"https:\/\/antifake.fr\/es\/wp-json\/wp\/v2\/product"}],"about":[{"href":"https:\/\/antifake.fr\/es\/wp-json\/wp\/v2\/types\/product"}],"wp:featuredmedia":[{"embeddable":true,"href":"https:\/\/antifake.fr\/es\/wp-json\/wp\/v2\/media\/151"}],"wp:attachment":[{"href":"https:\/\/antifake.fr\/es\/wp-json\/wp\/v2\/media?parent=159"}],"wp:term":[{"taxonomy":"product_brand","embeddable":true,"href":"https:\/\/antifake.fr\/es\/wp-json\/wp\/v2\/product_brand?post=159"},{"taxonomy":"product_cat","embeddable":true,"href":"https:\/\/antifake.fr\/es\/wp-json\/wp\/v2\/product_cat?post=159"},{"taxonomy":"product_tag","embeddable":true,"href":"https:\/\/antifake.fr\/es\/wp-json\/wp\/v2\/product_tag?post=159"}],"curies":[{"name":"wp","href":"https:\/\/api.w.org\/{rel}","templated":true}]}}