{"id":205,"date":"2022-03-04T12:14:03","date_gmt":"2022-03-04T11:14:03","guid":{"rendered":"https:\/\/antifake.fr\/?post_type=product&#038;p=205"},"modified":"2022-05-09T00:19:20","modified_gmt":"2022-05-08T22:19:20","slug":"massive-arnaque-covid-19","status":"publish","type":"product","link":"https:\/\/antifake.fr\/es\/shop\/t-shirt\/massive-arnaque-covid-19\/","title":{"rendered":"MASSIVE ARNAQUE (COVID 19)"},"content":{"rendered":"<p>MASSIVE ARNAQUE (et ce n&#8217;est pas de la musique) ref: TS03<\/p>\n<p>T-SHIRT 185 g\/m2 &#8211; 100% coton pr\u00e9r\u00e9tr\u00e9ci et ring-spun &#8211; Col rond \u00e0 bord c\u00f4te avec Bande de propret\u00e9 au cou en Structure tubulaire &#8211; Coupe classique UNISEXE &#8211; Lavable jusqu`\u00e0 40\u00b0C en lavoir, \u00e0 la main ou avec les pieds, on peut aussi utiliser une machine celles qui lavent le linge, c&#8217;est le mieux.<\/p>\n","protected":false},"excerpt":{"rendered":"<p>MASSIVE ARNAQUE (et ce n&#8217;est pas de la musique) \/ ref: TS03<\/p>\n<p>Si l&#8217;attaque du COVID reste MASSIVE, il en va de m\u00eame pour la gestion de cette premi\u00e8re grande pand\u00e9mie du 21<sup>\u00e8me<\/sup>, c&#8217;est une \u00e9norme ARNAQUE. La gestion de cette pand\u00e9mie est une \u00abARNAQUE DES MASSES\u00bb, le logo du fameux groupe de Bristol est parfait pour faire passer le message, sans musique\u2026<\/p>\n<p>Mannequin: r\u00e9alis\u00e9 par Siam Galton, check her on Facebook and Instagram<\/p>\n<p>https:\/\/instagram.com\/siamgalton?utm_medium=copy_link<\/p>\n","protected":false},"featured_media":406,"template":"","meta":[],"product_brand":[],"product_cat":[21],"product_tag":[],"class_list":{"0":"post-205","1":"product","2":"type-product","3":"status-publish","4":"has-post-thumbnail","6":"product_cat-t-shirt","7":"product_shipping_class-t-shirt","9":"first","10":"instock","11":"shipping-taxable","12":"purchasable","13":"product-type-variable"},"acf":[],"yoast_head":"<!-- This site is optimized with the Yoast SEO plugin v23.9 - https:\/\/yoast.com\/wordpress\/plugins\/seo\/ -->\n<title>MASSIVE ARNAQUE (COVID 19)<\/title>\n<meta name=\"robots\" content=\"index, follow, max-snippet:-1, max-image-preview:large, max-video-preview:-1\" \/>\n<link rel=\"canonical\" href=\"https:\/\/antifake.fr\/es\/shop\/t-shirt\/massive-arnaque-covid-19\/\" \/>\n<meta property=\"og:locale\" content=\"es_ES\" \/>\n<meta property=\"og:locale:alternate\" content=\"fr_FR\" \/>\n<meta property=\"og:type\" content=\"article\" \/>\n<meta property=\"og:title\" content=\"MASSIVE ARNAQUE (COVID 19)\" \/>\n<meta property=\"og:description\" content=\"MASSIVE ARNAQUE (et ce n&#039;est pas de la musique) \/ ref: TS03  Si l&#039;attaque du COVID reste MASSIVE, il en va de m\u00eame pour la gestion de cette premi\u00e8re grande pand\u00e9mie du 21\u00e8me, c&#039;est une \u00e9norme ARNAQUE. La gestion de cette pand\u00e9mie est une &quot;ARNAQUE DES MASSES&quot;, le logo du fameux groupe de Bristol est parfait pour faire passer le message, sans musique\u2026  Mannequin: r\u00e9alis\u00e9 par Siam Galton, check her on Facebook and Instagram  https:\/\/instagram.com\/siamgalton?utm_medium=copy_link\" \/>\n<meta property=\"og:url\" content=\"https:\/\/antifake.fr\/es\/shop\/t-shirt\/massive-arnaque-covid-19\/\" \/>\n<meta property=\"og:site_name\" content=\"Antifake\" \/>\n<meta property=\"article:modified_time\" content=\"2022-05-08T22:19:20+00:00\" \/>\n<meta property=\"og:image\" content=\"https:\/\/antifake.fr\/wp-content\/uploads\/2022\/03\/Capture-de\u0301cran-2022-03-23-a\u0300-11.45.20.png\" \/>\n\t<meta property=\"og:image:width\" content=\"800\" \/>\n\t<meta property=\"og:image:height\" content=\"954\" \/>\n\t<meta property=\"og:image:type\" content=\"image\/png\" \/>\n<meta name=\"twitter:card\" content=\"summary_large_image\" \/>\n<script type=\"application\/ld+json\" class=\"yoast-schema-graph\">{\"@context\":\"https:\/\/schema.org\",\"@graph\":[{\"@type\":\"WebPage\",\"@id\":\"https:\/\/antifake.fr\/shop\/t-shirt\/massive-arnaque-covid-19\/\",\"url\":\"https:\/\/antifake.fr\/shop\/t-shirt\/massive-arnaque-covid-19\/\",\"name\":\"MASSIVE ARNAQUE (COVID 19)\",\"isPartOf\":{\"@id\":\"https:\/\/antifake.fr\/#website\"},\"primaryImageOfPage\":{\"@id\":\"https:\/\/antifake.fr\/shop\/t-shirt\/massive-arnaque-covid-19\/#primaryimage\"},\"image\":{\"@id\":\"https:\/\/antifake.fr\/shop\/t-shirt\/massive-arnaque-covid-19\/#primaryimage\"},\"thumbnailUrl\":\"https:\/\/antifake.fr\/wp-content\/uploads\/2022\/03\/Capture-de\u0301cran-2022-03-23-a\u0300-11.45.20.png\",\"datePublished\":\"2022-03-04T11:14:03+00:00\",\"dateModified\":\"2022-05-08T22:19:20+00:00\",\"breadcrumb\":{\"@id\":\"https:\/\/antifake.fr\/shop\/t-shirt\/massive-arnaque-covid-19\/#breadcrumb\"},\"inLanguage\":\"es-ES\",\"potentialAction\":[{\"@type\":\"ReadAction\",\"target\":[\"https:\/\/antifake.fr\/shop\/t-shirt\/massive-arnaque-covid-19\/\"]}]},{\"@type\":\"ImageObject\",\"inLanguage\":\"es-ES\",\"@id\":\"https:\/\/antifake.fr\/shop\/t-shirt\/massive-arnaque-covid-19\/#primaryimage\",\"url\":\"https:\/\/antifake.fr\/wp-content\/uploads\/2022\/03\/Capture-de\u0301cran-2022-03-23-a\u0300-11.45.20.png\",\"contentUrl\":\"https:\/\/antifake.fr\/wp-content\/uploads\/2022\/03\/Capture-de\u0301cran-2022-03-23-a\u0300-11.45.20.png\",\"width\":800,\"height\":954},{\"@type\":\"BreadcrumbList\",\"@id\":\"https:\/\/antifake.fr\/shop\/t-shirt\/massive-arnaque-covid-19\/#breadcrumb\",\"itemListElement\":[{\"@type\":\"ListItem\",\"position\":1,\"name\":\"Accueil\",\"item\":\"https:\/\/antifake.fr\/\"},{\"@type\":\"ListItem\",\"position\":2,\"name\":\"Shop\",\"item\":\"https:\/\/antifake.fr\/es\/shop\/\"},{\"@type\":\"ListItem\",\"position\":3,\"name\":\"MASSIVE ARNAQUE (COVID 19)\"}]},{\"@type\":\"WebSite\",\"@id\":\"https:\/\/antifake.fr\/#website\",\"url\":\"https:\/\/antifake.fr\/\",\"name\":\"Antifake\",\"description\":\"YES, WE CANnaBIS FREE!\",\"potentialAction\":[{\"@type\":\"SearchAction\",\"target\":{\"@type\":\"EntryPoint\",\"urlTemplate\":\"https:\/\/antifake.fr\/?s={search_term_string}\"},\"query-input\":{\"@type\":\"PropertyValueSpecification\",\"valueRequired\":true,\"valueName\":\"search_term_string\"}}],\"inLanguage\":\"es-ES\"}]}<\/script>\n<!-- \/ Yoast SEO plugin. -->","yoast_head_json":{"title":"MASSIVE ARNAQUE (COVID 19)","robots":{"index":"index","follow":"follow","max-snippet":"max-snippet:-1","max-image-preview":"max-image-preview:large","max-video-preview":"max-video-preview:-1"},"canonical":"https:\/\/antifake.fr\/es\/shop\/t-shirt\/massive-arnaque-covid-19\/","og_locale":"es_ES","og_type":"article","og_title":"[:fr]MASSIVE ARNAQUE (COVID 19)[:] - Antifake","og_description":"MASSIVE ARNAQUE (et ce n'est pas de la musique) \/ ref: TS03  Si l'attaque du COVID reste MASSIVE, il en va de m\u00eame pour la gestion de cette premi\u00e8re grande pand\u00e9mie du 21\u00e8me, c'est une \u00e9norme ARNAQUE. La gestion de cette pand\u00e9mie est une \"ARNAQUE DES MASSES\", le logo du fameux groupe de Bristol est parfait pour faire passer le message, sans musique\u2026  Mannequin: r\u00e9alis\u00e9 par Siam Galton, check her on Facebook and Instagram  https:\/\/instagram.com\/siamgalton?utm_medium=copy_link","og_url":"https:\/\/antifake.fr\/es\/shop\/t-shirt\/massive-arnaque-covid-19\/","og_site_name":"Antifake","article_modified_time":"2022-05-08T22:19:20+00:00","og_image":[{"width":800,"height":954,"url":"https:\/\/antifake.fr\/wp-content\/uploads\/2022\/03\/Capture-de\u0301cran-2022-03-23-a\u0300-11.45.20.png","type":"image\/png"}],"twitter_card":"summary_large_image","schema":{"@context":"https:\/\/schema.org","@graph":[{"@type":"WebPage","@id":"https:\/\/antifake.fr\/shop\/t-shirt\/massive-arnaque-covid-19\/","url":"https:\/\/antifake.fr\/shop\/t-shirt\/massive-arnaque-covid-19\/","name":"MASSIVE ARNAQUE (COVID 19)","isPartOf":{"@id":"https:\/\/antifake.fr\/#website"},"primaryImageOfPage":{"@id":"https:\/\/antifake.fr\/shop\/t-shirt\/massive-arnaque-covid-19\/#primaryimage"},"image":{"@id":"https:\/\/antifake.fr\/shop\/t-shirt\/massive-arnaque-covid-19\/#primaryimage"},"thumbnailUrl":"https:\/\/antifake.fr\/wp-content\/uploads\/2022\/03\/Capture-de\u0301cran-2022-03-23-a\u0300-11.45.20.png","datePublished":"2022-03-04T11:14:03+00:00","dateModified":"2022-05-08T22:19:20+00:00","breadcrumb":{"@id":"https:\/\/antifake.fr\/shop\/t-shirt\/massive-arnaque-covid-19\/#breadcrumb"},"inLanguage":"es-ES","potentialAction":[{"@type":"ReadAction","target":["https:\/\/antifake.fr\/shop\/t-shirt\/massive-arnaque-covid-19\/"]}]},{"@type":"ImageObject","inLanguage":"es-ES","@id":"https:\/\/antifake.fr\/shop\/t-shirt\/massive-arnaque-covid-19\/#primaryimage","url":"https:\/\/antifake.fr\/wp-content\/uploads\/2022\/03\/Capture-de\u0301cran-2022-03-23-a\u0300-11.45.20.png","contentUrl":"https:\/\/antifake.fr\/wp-content\/uploads\/2022\/03\/Capture-de\u0301cran-2022-03-23-a\u0300-11.45.20.png","width":800,"height":954},{"@type":"BreadcrumbList","@id":"https:\/\/antifake.fr\/shop\/t-shirt\/massive-arnaque-covid-19\/#breadcrumb","itemListElement":[{"@type":"ListItem","position":1,"name":"Accueil","item":"https:\/\/antifake.fr\/"},{"@type":"ListItem","position":2,"name":"Shop","item":"https:\/\/antifake.fr\/es\/shop\/"},{"@type":"ListItem","position":3,"name":"MASSIVE ARNAQUE (COVID 19)"}]},{"@type":"WebSite","@id":"https:\/\/antifake.fr\/#website","url":"https:\/\/antifake.fr\/","name":"Antifake","description":"YES, WE CANnaBIS FREE!","potentialAction":[{"@type":"SearchAction","target":{"@type":"EntryPoint","urlTemplate":"https:\/\/antifake.fr\/?s={search_term_string}"},"query-input":{"@type":"PropertyValueSpecification","valueRequired":true,"valueName":"search_term_string"}}],"inLanguage":"es-ES"}]}},"_links":{"self":[{"href":"https:\/\/antifake.fr\/es\/wp-json\/wp\/v2\/product\/205","targetHints":{"allow":["GET"]}}],"collection":[{"href":"https:\/\/antifake.fr\/es\/wp-json\/wp\/v2\/product"}],"about":[{"href":"https:\/\/antifake.fr\/es\/wp-json\/wp\/v2\/types\/product"}],"wp:featuredmedia":[{"embeddable":true,"href":"https:\/\/antifake.fr\/es\/wp-json\/wp\/v2\/media\/406"}],"wp:attachment":[{"href":"https:\/\/antifake.fr\/es\/wp-json\/wp\/v2\/media?parent=205"}],"wp:term":[{"taxonomy":"product_brand","embeddable":true,"href":"https:\/\/antifake.fr\/es\/wp-json\/wp\/v2\/product_brand?post=205"},{"taxonomy":"product_cat","embeddable":true,"href":"https:\/\/antifake.fr\/es\/wp-json\/wp\/v2\/product_cat?post=205"},{"taxonomy":"product_tag","embeddable":true,"href":"https:\/\/antifake.fr\/es\/wp-json\/wp\/v2\/product_tag?post=205"}],"curies":[{"name":"wp","href":"https:\/\/api.w.org\/{rel}","templated":true}]}}