{"id":214,"date":"2022-03-04T12:38:34","date_gmt":"2022-03-04T11:38:34","guid":{"rendered":"https:\/\/antifake.fr\/?post_type=product&#038;p=214"},"modified":"2022-03-25T14:41:55","modified_gmt":"2022-03-25T13:41:55","slug":"ganja-love-orange-blue","status":"publish","type":"product","link":"https:\/\/antifake.fr\/es\/shop\/parapluie\/ganja-love-orange-blue\/","title":{"rendered":"GANJA LOVE orange-blue &#8211; Ombrelle\/parapluie"},"content":{"rendered":"","protected":false},"excerpt":{"rendered":"<p>GANJA LOVE orange-blue &#8211; Ombrelle\/parapluie<\/p>\n<p>Parapluie, ombrelle, H: 120 cm &#8211; L: 125 cm &#8211; PIECE UNIQUE<\/p>\n<p>Ombrelles \/parapluie en forme de gros COEUR, peintes \u00e0 la bombe a\u00e9rosol avec de v\u00e9ritables feuilles de chanvre\/cannabis. Chaque pi\u00e8ce est unique et faite \u00e0 la main, les peintures appos\u00e9es ont \u00e9t\u00e9 recouvertes d&#8217;un vernis de protection, elles ne bougeront pas, car d\u00e9j\u00e0 sans le vernis elles ne bougent pas.<\/p>\n<p>Pour avoir un certain style au soleil et un rayon de soleil sous la pluie.<\/p>\n","protected":false},"featured_media":209,"template":"","meta":[],"product_brand":[],"product_cat":[30],"product_tag":[],"class_list":{"0":"post-214","1":"product","2":"type-product","3":"status-publish","4":"has-post-thumbnail","6":"product_cat-parapluie","7":"product_shipping_class-parapluie","9":"first","10":"instock","11":"sold-individually","12":"shipping-taxable","13":"purchasable","14":"product-type-simple"},"acf":[],"yoast_head":"<!-- This site is optimized with the Yoast SEO plugin v23.9 - https:\/\/yoast.com\/wordpress\/plugins\/seo\/ -->\n<title>GANJA LOVE orange-blue - Ombrelle\/parapluie<\/title>\n<meta name=\"robots\" content=\"index, follow, max-snippet:-1, max-image-preview:large, max-video-preview:-1\" \/>\n<link rel=\"canonical\" href=\"https:\/\/antifake.fr\/es\/en\/shop\/parapluie\/ganja-love-orange-blue\/\" \/>\n<meta property=\"og:locale\" content=\"es_ES\" \/>\n<meta property=\"og:locale:alternate\" content=\"fr_FR\" \/>\n<meta property=\"og:type\" content=\"article\" \/>\n<meta property=\"og:title\" content=\"GANJA LOVE orange-blue - Ombrelle\/parapluie\" \/>\n<meta property=\"og:description\" content=\"GANJA LOVE orange-blue - Ombrelle\/parapluie  Parapluie, ombrelle, H: 120 cm - L: 125 cm - PIECE UNIQUE  Ombrelles \/parapluie en forme de gros COEUR, peintes \u00e0 la bombe a\u00e9rosol avec de v\u00e9ritables feuilles de chanvre\/cannabis. Chaque pi\u00e8ce est unique et faite \u00e0 la main, les peintures appos\u00e9es ont \u00e9t\u00e9 recouvertes d&#039;un vernis de protection, elles ne bougeront pas, car d\u00e9j\u00e0 sans le vernis elles ne bougent pas.  Pour avoir un certain style au soleil et un rayon de soleil sous la pluie.\" \/>\n<meta property=\"og:url\" content=\"https:\/\/antifake.fr\/es\/shop\/parapluie\/ganja-love-orange-blue\/\" \/>\n<meta property=\"og:site_name\" content=\"Antifake\" \/>\n<meta property=\"article:modified_time\" content=\"2022-03-25T13:41:55+00:00\" \/>\n<meta property=\"og:image\" content=\"https:\/\/antifake.fr\/wp-content\/uploads\/2022\/03\/IMG_7579.jpg\" \/>\n\t<meta property=\"og:image:width\" content=\"756\" \/>\n\t<meta property=\"og:image:height\" content=\"1008\" \/>\n\t<meta property=\"og:image:type\" content=\"image\/jpeg\" \/>\n<meta name=\"twitter:card\" content=\"summary_large_image\" \/>\n<script type=\"application\/ld+json\" class=\"yoast-schema-graph\">{\"@context\":\"https:\/\/schema.org\",\"@graph\":[{\"@type\":\"WebPage\",\"@id\":\"https:\/\/antifake.fr\/en\/shop\/parapluie\/ganja-love-orange-blue\/\",\"url\":\"https:\/\/antifake.fr\/en\/shop\/parapluie\/ganja-love-orange-blue\/\",\"name\":\"GANJA LOVE orange-blue - Ombrelle\/parapluie\",\"isPartOf\":{\"@id\":\"https:\/\/antifake.fr\/#website\"},\"primaryImageOfPage\":{\"@id\":\"https:\/\/antifake.fr\/en\/shop\/parapluie\/ganja-love-orange-blue\/#primaryimage\"},\"image\":{\"@id\":\"https:\/\/antifake.fr\/en\/shop\/parapluie\/ganja-love-orange-blue\/#primaryimage\"},\"thumbnailUrl\":\"https:\/\/antifake.fr\/wp-content\/uploads\/2022\/03\/IMG_7579.jpg\",\"datePublished\":\"2022-03-04T11:38:34+00:00\",\"dateModified\":\"2022-03-25T13:41:55+00:00\",\"breadcrumb\":{\"@id\":\"https:\/\/antifake.fr\/en\/shop\/parapluie\/ganja-love-orange-blue\/#breadcrumb\"},\"inLanguage\":\"es-ES\",\"potentialAction\":[{\"@type\":\"ReadAction\",\"target\":[\"https:\/\/antifake.fr\/en\/shop\/parapluie\/ganja-love-orange-blue\/\"]}]},{\"@type\":\"ImageObject\",\"inLanguage\":\"es-ES\",\"@id\":\"https:\/\/antifake.fr\/en\/shop\/parapluie\/ganja-love-orange-blue\/#primaryimage\",\"url\":\"https:\/\/antifake.fr\/wp-content\/uploads\/2022\/03\/IMG_7579.jpg\",\"contentUrl\":\"https:\/\/antifake.fr\/wp-content\/uploads\/2022\/03\/IMG_7579.jpg\",\"width\":756,\"height\":1008,\"caption\":\"Parapluie original\"},{\"@type\":\"BreadcrumbList\",\"@id\":\"https:\/\/antifake.fr\/en\/shop\/parapluie\/ganja-love-orange-blue\/#breadcrumb\",\"itemListElement\":[{\"@type\":\"ListItem\",\"position\":1,\"name\":\"Accueil\",\"item\":\"https:\/\/antifake.fr\/\"},{\"@type\":\"ListItem\",\"position\":2,\"name\":\"Shop\",\"item\":\"https:\/\/antifake.fr\/es\/shop\/\"},{\"@type\":\"ListItem\",\"position\":3,\"name\":\"GANJA LOVE orange-blue &#8211; Ombrelle\/parapluie\"}]},{\"@type\":\"WebSite\",\"@id\":\"https:\/\/antifake.fr\/#website\",\"url\":\"https:\/\/antifake.fr\/\",\"name\":\"Antifake\",\"description\":\"YES, WE CANnaBIS FREE!\",\"potentialAction\":[{\"@type\":\"SearchAction\",\"target\":{\"@type\":\"EntryPoint\",\"urlTemplate\":\"https:\/\/antifake.fr\/?s={search_term_string}\"},\"query-input\":{\"@type\":\"PropertyValueSpecification\",\"valueRequired\":true,\"valueName\":\"search_term_string\"}}],\"inLanguage\":\"es-ES\"}]}<\/script>\n<!-- \/ Yoast SEO plugin. -->","yoast_head_json":{"title":"GANJA LOVE orange-blue - Ombrelle\/parapluie","robots":{"index":"index","follow":"follow","max-snippet":"max-snippet:-1","max-image-preview":"max-image-preview:large","max-video-preview":"max-video-preview:-1"},"canonical":"https:\/\/antifake.fr\/es\/en\/shop\/parapluie\/ganja-love-orange-blue\/","og_locale":"es_ES","og_type":"article","og_title":"[:fr]GANJA LOVE orange-blue - Ombrelle\/parapluie[:] - Antifake","og_description":"GANJA LOVE orange-blue - Ombrelle\/parapluie  Parapluie, ombrelle, H: 120 cm - L: 125 cm - PIECE UNIQUE  Ombrelles \/parapluie en forme de gros COEUR, peintes \u00e0 la bombe a\u00e9rosol avec de v\u00e9ritables feuilles de chanvre\/cannabis. Chaque pi\u00e8ce est unique et faite \u00e0 la main, les peintures appos\u00e9es ont \u00e9t\u00e9 recouvertes d'un vernis de protection, elles ne bougeront pas, car d\u00e9j\u00e0 sans le vernis elles ne bougent pas.  Pour avoir un certain style au soleil et un rayon de soleil sous la pluie.","og_url":"https:\/\/antifake.fr\/es\/shop\/parapluie\/ganja-love-orange-blue\/","og_site_name":"Antifake","article_modified_time":"2022-03-25T13:41:55+00:00","og_image":[{"width":756,"height":1008,"url":"https:\/\/antifake.fr\/wp-content\/uploads\/2022\/03\/IMG_7579.jpg","type":"image\/jpeg"}],"twitter_card":"summary_large_image","schema":{"@context":"https:\/\/schema.org","@graph":[{"@type":"WebPage","@id":"https:\/\/antifake.fr\/en\/shop\/parapluie\/ganja-love-orange-blue\/","url":"https:\/\/antifake.fr\/en\/shop\/parapluie\/ganja-love-orange-blue\/","name":"GANJA LOVE orange-blue - Ombrelle\/parapluie","isPartOf":{"@id":"https:\/\/antifake.fr\/#website"},"primaryImageOfPage":{"@id":"https:\/\/antifake.fr\/en\/shop\/parapluie\/ganja-love-orange-blue\/#primaryimage"},"image":{"@id":"https:\/\/antifake.fr\/en\/shop\/parapluie\/ganja-love-orange-blue\/#primaryimage"},"thumbnailUrl":"https:\/\/antifake.fr\/wp-content\/uploads\/2022\/03\/IMG_7579.jpg","datePublished":"2022-03-04T11:38:34+00:00","dateModified":"2022-03-25T13:41:55+00:00","breadcrumb":{"@id":"https:\/\/antifake.fr\/en\/shop\/parapluie\/ganja-love-orange-blue\/#breadcrumb"},"inLanguage":"es-ES","potentialAction":[{"@type":"ReadAction","target":["https:\/\/antifake.fr\/en\/shop\/parapluie\/ganja-love-orange-blue\/"]}]},{"@type":"ImageObject","inLanguage":"es-ES","@id":"https:\/\/antifake.fr\/en\/shop\/parapluie\/ganja-love-orange-blue\/#primaryimage","url":"https:\/\/antifake.fr\/wp-content\/uploads\/2022\/03\/IMG_7579.jpg","contentUrl":"https:\/\/antifake.fr\/wp-content\/uploads\/2022\/03\/IMG_7579.jpg","width":756,"height":1008,"caption":"Parapluie original"},{"@type":"BreadcrumbList","@id":"https:\/\/antifake.fr\/en\/shop\/parapluie\/ganja-love-orange-blue\/#breadcrumb","itemListElement":[{"@type":"ListItem","position":1,"name":"Accueil","item":"https:\/\/antifake.fr\/"},{"@type":"ListItem","position":2,"name":"Shop","item":"https:\/\/antifake.fr\/es\/shop\/"},{"@type":"ListItem","position":3,"name":"GANJA LOVE orange-blue &#8211; Ombrelle\/parapluie"}]},{"@type":"WebSite","@id":"https:\/\/antifake.fr\/#website","url":"https:\/\/antifake.fr\/","name":"Antifake","description":"YES, WE CANnaBIS FREE!","potentialAction":[{"@type":"SearchAction","target":{"@type":"EntryPoint","urlTemplate":"https:\/\/antifake.fr\/?s={search_term_string}"},"query-input":{"@type":"PropertyValueSpecification","valueRequired":true,"valueName":"search_term_string"}}],"inLanguage":"es-ES"}]}},"_links":{"self":[{"href":"https:\/\/antifake.fr\/es\/wp-json\/wp\/v2\/product\/214","targetHints":{"allow":["GET"]}}],"collection":[{"href":"https:\/\/antifake.fr\/es\/wp-json\/wp\/v2\/product"}],"about":[{"href":"https:\/\/antifake.fr\/es\/wp-json\/wp\/v2\/types\/product"}],"wp:featuredmedia":[{"embeddable":true,"href":"https:\/\/antifake.fr\/es\/wp-json\/wp\/v2\/media\/209"}],"wp:attachment":[{"href":"https:\/\/antifake.fr\/es\/wp-json\/wp\/v2\/media?parent=214"}],"wp:term":[{"taxonomy":"product_brand","embeddable":true,"href":"https:\/\/antifake.fr\/es\/wp-json\/wp\/v2\/product_brand?post=214"},{"taxonomy":"product_cat","embeddable":true,"href":"https:\/\/antifake.fr\/es\/wp-json\/wp\/v2\/product_cat?post=214"},{"taxonomy":"product_tag","embeddable":true,"href":"https:\/\/antifake.fr\/es\/wp-json\/wp\/v2\/product_tag?post=214"}],"curies":[{"name":"wp","href":"https:\/\/api.w.org\/{rel}","templated":true}]}}