{"id":221,"date":"2022-03-04T16:49:38","date_gmt":"2022-03-04T15:49:38","guid":{"rendered":"https:\/\/antifake.fr\/?post_type=product&#038;p=221"},"modified":"2022-05-09T00:19:20","modified_gmt":"2022-05-08T22:19:20","slug":"capitalism-is-the-virus","status":"publish","type":"product","link":"https:\/\/antifake.fr\/es\/shop\/t-shirt\/capitalism-is-the-virus\/","title":{"rendered":"CAPITALISM is the VIRUS"},"content":{"rendered":"<p>CAPITALISM is the VIRUS \/ ref: TS 05<\/p>\n<p>T-SHIRT 185 g\/m2 &#8211; 100% coton pr\u00e9r\u00e9tr\u00e9ci et ring-spun &#8211; Col rond \u00e0 bord c\u00f4te avec Bande de propret\u00e9 au cou en Structure tubulaire &#8211; Coupe classique UNISEXE &#8211; Lavable jusqu&#8217;\u00e0 40\u00b0C en lavoir, \u00e0 la main ou avec les pieds, on peut aussi utiliser une machine, de celles qui lavent le linge, c&#8217;est le mieux.<\/p>\n","protected":false},"excerpt":{"rendered":"<p>CAPITALISM is VIRUS \/ ref: TS05<\/p>\n<p>Le\/les v\u00e9ritable(s) virus de notre humanit\u00e9 sont les r\u00e9gimes politiques qu&#8217;on se laisse imposer, ce sont les manipulations, les peurs, les barri\u00e8res que l&#8217;on nous impose qui restent le danger principale de notre MONDE.<\/p>\n<p>Le VIRUS de cette plan\u00e8te c&#8217;est nous.<\/p>\n<p>Mannequin: r\u00e9alis\u00e9 par Siam Galton, check her on Facebook and Instagram<\/p>\n<p>https:\/\/instagram.com\/siamgalton?utm_medium=copy_link<\/p>\n","protected":false},"featured_media":408,"template":"","meta":[],"product_brand":[],"product_cat":[21],"product_tag":[],"class_list":{"0":"post-221","1":"product","2":"type-product","3":"status-publish","4":"has-post-thumbnail","6":"product_cat-t-shirt","7":"product_shipping_class-t-shirt","9":"first","10":"instock","11":"shipping-taxable","12":"purchasable","13":"product-type-variable"},"acf":[],"yoast_head":"<!-- This site is optimized with the Yoast SEO plugin v23.9 - https:\/\/yoast.com\/wordpress\/plugins\/seo\/ -->\n<title>CAPITALISM is the VIRUS<\/title>\n<meta name=\"robots\" content=\"index, follow, max-snippet:-1, max-image-preview:large, max-video-preview:-1\" \/>\n<link rel=\"canonical\" href=\"https:\/\/antifake.fr\/es\/shop\/t-shirt\/capitalism-is-the-virus\/\" \/>\n<meta property=\"og:locale\" content=\"es_ES\" \/>\n<meta property=\"og:locale:alternate\" content=\"fr_FR\" \/>\n<meta property=\"og:type\" content=\"article\" \/>\n<meta property=\"og:title\" content=\"CAPITALISM is the VIRUS\" \/>\n<meta property=\"og:description\" content=\"CAPITALISM is VIRUS \/ ref: TS05  Le\/les v\u00e9ritable(s) virus de notre humanit\u00e9 sont les r\u00e9gimes politiques qu&#039;on se laisse imposer, ce sont les manipulations, les peurs, les barri\u00e8res que l&#039;on nous impose qui restent le danger principale de notre MONDE.  Le VIRUS de cette plan\u00e8te c&#039;est nous.  Mannequin: r\u00e9alis\u00e9 par Siam Galton, check her on Facebook and Instagram  https:\/\/instagram.com\/siamgalton?utm_medium=copy_link\" \/>\n<meta property=\"og:url\" content=\"https:\/\/antifake.fr\/es\/shop\/t-shirt\/capitalism-is-the-virus\/\" \/>\n<meta property=\"og:site_name\" content=\"Antifake\" \/>\n<meta property=\"article:modified_time\" content=\"2022-05-08T22:19:20+00:00\" \/>\n<meta property=\"og:image\" content=\"https:\/\/antifake.fr\/wp-content\/uploads\/2022\/03\/Capture-de\u0301cran-2022-03-23-a\u0300-11.46.09.png\" \/>\n\t<meta property=\"og:image:width\" content=\"802\" \/>\n\t<meta property=\"og:image:height\" content=\"970\" \/>\n\t<meta property=\"og:image:type\" content=\"image\/png\" \/>\n<meta name=\"twitter:card\" content=\"summary_large_image\" \/>\n<script type=\"application\/ld+json\" class=\"yoast-schema-graph\">{\"@context\":\"https:\/\/schema.org\",\"@graph\":[{\"@type\":\"WebPage\",\"@id\":\"https:\/\/antifake.fr\/shop\/t-shirt\/capitalism-is-the-virus\/\",\"url\":\"https:\/\/antifake.fr\/shop\/t-shirt\/capitalism-is-the-virus\/\",\"name\":\"CAPITALISM is the VIRUS\",\"isPartOf\":{\"@id\":\"https:\/\/antifake.fr\/#website\"},\"primaryImageOfPage\":{\"@id\":\"https:\/\/antifake.fr\/shop\/t-shirt\/capitalism-is-the-virus\/#primaryimage\"},\"image\":{\"@id\":\"https:\/\/antifake.fr\/shop\/t-shirt\/capitalism-is-the-virus\/#primaryimage\"},\"thumbnailUrl\":\"https:\/\/antifake.fr\/wp-content\/uploads\/2022\/03\/Capture-de\u0301cran-2022-03-23-a\u0300-11.46.09.png\",\"datePublished\":\"2022-03-04T15:49:38+00:00\",\"dateModified\":\"2022-05-08T22:19:20+00:00\",\"breadcrumb\":{\"@id\":\"https:\/\/antifake.fr\/shop\/t-shirt\/capitalism-is-the-virus\/#breadcrumb\"},\"inLanguage\":\"es-ES\",\"potentialAction\":[{\"@type\":\"ReadAction\",\"target\":[\"https:\/\/antifake.fr\/shop\/t-shirt\/capitalism-is-the-virus\/\"]}]},{\"@type\":\"ImageObject\",\"inLanguage\":\"es-ES\",\"@id\":\"https:\/\/antifake.fr\/shop\/t-shirt\/capitalism-is-the-virus\/#primaryimage\",\"url\":\"https:\/\/antifake.fr\/wp-content\/uploads\/2022\/03\/Capture-de\u0301cran-2022-03-23-a\u0300-11.46.09.png\",\"contentUrl\":\"https:\/\/antifake.fr\/wp-content\/uploads\/2022\/03\/Capture-de\u0301cran-2022-03-23-a\u0300-11.46.09.png\",\"width\":802,\"height\":970},{\"@type\":\"BreadcrumbList\",\"@id\":\"https:\/\/antifake.fr\/shop\/t-shirt\/capitalism-is-the-virus\/#breadcrumb\",\"itemListElement\":[{\"@type\":\"ListItem\",\"position\":1,\"name\":\"Accueil\",\"item\":\"https:\/\/antifake.fr\/\"},{\"@type\":\"ListItem\",\"position\":2,\"name\":\"Shop\",\"item\":\"https:\/\/antifake.fr\/es\/shop\/\"},{\"@type\":\"ListItem\",\"position\":3,\"name\":\"CAPITALISM is the VIRUS\"}]},{\"@type\":\"WebSite\",\"@id\":\"https:\/\/antifake.fr\/#website\",\"url\":\"https:\/\/antifake.fr\/\",\"name\":\"Antifake\",\"description\":\"YES, WE CANnaBIS FREE!\",\"potentialAction\":[{\"@type\":\"SearchAction\",\"target\":{\"@type\":\"EntryPoint\",\"urlTemplate\":\"https:\/\/antifake.fr\/?s={search_term_string}\"},\"query-input\":{\"@type\":\"PropertyValueSpecification\",\"valueRequired\":true,\"valueName\":\"search_term_string\"}}],\"inLanguage\":\"es-ES\"}]}<\/script>\n<!-- \/ Yoast SEO plugin. -->","yoast_head_json":{"title":"CAPITALISM is the VIRUS","robots":{"index":"index","follow":"follow","max-snippet":"max-snippet:-1","max-image-preview":"max-image-preview:large","max-video-preview":"max-video-preview:-1"},"canonical":"https:\/\/antifake.fr\/es\/shop\/t-shirt\/capitalism-is-the-virus\/","og_locale":"es_ES","og_type":"article","og_title":"[:fr]CAPITALISM is the VIRUS[:] - Antifake","og_description":"CAPITALISM is VIRUS \/ ref: TS05  Le\/les v\u00e9ritable(s) virus de notre humanit\u00e9 sont les r\u00e9gimes politiques qu'on se laisse imposer, ce sont les manipulations, les peurs, les barri\u00e8res que l'on nous impose qui restent le danger principale de notre MONDE.  Le VIRUS de cette plan\u00e8te c'est nous.  Mannequin: r\u00e9alis\u00e9 par Siam Galton, check her on Facebook and Instagram  https:\/\/instagram.com\/siamgalton?utm_medium=copy_link","og_url":"https:\/\/antifake.fr\/es\/shop\/t-shirt\/capitalism-is-the-virus\/","og_site_name":"Antifake","article_modified_time":"2022-05-08T22:19:20+00:00","og_image":[{"width":802,"height":970,"url":"https:\/\/antifake.fr\/wp-content\/uploads\/2022\/03\/Capture-de\u0301cran-2022-03-23-a\u0300-11.46.09.png","type":"image\/png"}],"twitter_card":"summary_large_image","schema":{"@context":"https:\/\/schema.org","@graph":[{"@type":"WebPage","@id":"https:\/\/antifake.fr\/shop\/t-shirt\/capitalism-is-the-virus\/","url":"https:\/\/antifake.fr\/shop\/t-shirt\/capitalism-is-the-virus\/","name":"CAPITALISM is the VIRUS","isPartOf":{"@id":"https:\/\/antifake.fr\/#website"},"primaryImageOfPage":{"@id":"https:\/\/antifake.fr\/shop\/t-shirt\/capitalism-is-the-virus\/#primaryimage"},"image":{"@id":"https:\/\/antifake.fr\/shop\/t-shirt\/capitalism-is-the-virus\/#primaryimage"},"thumbnailUrl":"https:\/\/antifake.fr\/wp-content\/uploads\/2022\/03\/Capture-de\u0301cran-2022-03-23-a\u0300-11.46.09.png","datePublished":"2022-03-04T15:49:38+00:00","dateModified":"2022-05-08T22:19:20+00:00","breadcrumb":{"@id":"https:\/\/antifake.fr\/shop\/t-shirt\/capitalism-is-the-virus\/#breadcrumb"},"inLanguage":"es-ES","potentialAction":[{"@type":"ReadAction","target":["https:\/\/antifake.fr\/shop\/t-shirt\/capitalism-is-the-virus\/"]}]},{"@type":"ImageObject","inLanguage":"es-ES","@id":"https:\/\/antifake.fr\/shop\/t-shirt\/capitalism-is-the-virus\/#primaryimage","url":"https:\/\/antifake.fr\/wp-content\/uploads\/2022\/03\/Capture-de\u0301cran-2022-03-23-a\u0300-11.46.09.png","contentUrl":"https:\/\/antifake.fr\/wp-content\/uploads\/2022\/03\/Capture-de\u0301cran-2022-03-23-a\u0300-11.46.09.png","width":802,"height":970},{"@type":"BreadcrumbList","@id":"https:\/\/antifake.fr\/shop\/t-shirt\/capitalism-is-the-virus\/#breadcrumb","itemListElement":[{"@type":"ListItem","position":1,"name":"Accueil","item":"https:\/\/antifake.fr\/"},{"@type":"ListItem","position":2,"name":"Shop","item":"https:\/\/antifake.fr\/es\/shop\/"},{"@type":"ListItem","position":3,"name":"CAPITALISM is the VIRUS"}]},{"@type":"WebSite","@id":"https:\/\/antifake.fr\/#website","url":"https:\/\/antifake.fr\/","name":"Antifake","description":"YES, WE CANnaBIS FREE!","potentialAction":[{"@type":"SearchAction","target":{"@type":"EntryPoint","urlTemplate":"https:\/\/antifake.fr\/?s={search_term_string}"},"query-input":{"@type":"PropertyValueSpecification","valueRequired":true,"valueName":"search_term_string"}}],"inLanguage":"es-ES"}]}},"_links":{"self":[{"href":"https:\/\/antifake.fr\/es\/wp-json\/wp\/v2\/product\/221","targetHints":{"allow":["GET"]}}],"collection":[{"href":"https:\/\/antifake.fr\/es\/wp-json\/wp\/v2\/product"}],"about":[{"href":"https:\/\/antifake.fr\/es\/wp-json\/wp\/v2\/types\/product"}],"wp:featuredmedia":[{"embeddable":true,"href":"https:\/\/antifake.fr\/es\/wp-json\/wp\/v2\/media\/408"}],"wp:attachment":[{"href":"https:\/\/antifake.fr\/es\/wp-json\/wp\/v2\/media?parent=221"}],"wp:term":[{"taxonomy":"product_brand","embeddable":true,"href":"https:\/\/antifake.fr\/es\/wp-json\/wp\/v2\/product_brand?post=221"},{"taxonomy":"product_cat","embeddable":true,"href":"https:\/\/antifake.fr\/es\/wp-json\/wp\/v2\/product_cat?post=221"},{"taxonomy":"product_tag","embeddable":true,"href":"https:\/\/antifake.fr\/es\/wp-json\/wp\/v2\/product_tag?post=221"}],"curies":[{"name":"wp","href":"https:\/\/api.w.org\/{rel}","templated":true}]}}