{"id":223,"date":"2022-03-04T17:03:14","date_gmt":"2022-03-04T16:03:14","guid":{"rendered":"https:\/\/antifake.fr\/?post_type=product&#038;p=223"},"modified":"2022-05-09T00:19:20","modified_gmt":"2022-05-08T22:19:20","slug":"2-end-wars","status":"publish","type":"product","link":"https:\/\/antifake.fr\/es\/shop\/t-shirt\/2-end-wars\/","title":{"rendered":"2 END WARS"},"content":{"rendered":"<p>2 END WARS \/ ref: TS:07<\/p>\n<p>T-SHIRT 185 g\/m2 &#8211; 100% coton pr\u00e9r\u00e9tr\u00e9ci et ring-spun &#8211; Col rond \u00e0 bord c\u00f4te avec Bande de propret\u00e9 au cou en Structure tubulaire &#8211; Coupe classique UNISEXE &#8211; Lavable jusqu`\u00e0 40\u00b0C en lavoir, \u00e0 la main ou avec les pieds, on peut aussi utiliser une machine, de celles qui lavent le linge, c&#8217;est le mieux.<\/p>\n","protected":false},"excerpt":{"rendered":"<p>2 END WARS\u00a0 \/ ref: TS07<\/p>\n<p>Inspir\u00e9 d&#8217;un graffiti \u00abPUNK\u00bb, du d\u00e9but des ann\u00e9es 80 (les v\u00e9ritables cr\u00e9ateurs de ce que l&#8217;on appelle le \u00abstreet art\u00bb), cette fillette nous montre le chemin, elle nous appelle \u00e0 prendre conscience et \u00e0 s&#8217;engager. L&#8217;union fait la FORCE ! Ne l&#8217;oubliez pas.<\/p>\n<p>Mannequin: r\u00e9alis\u00e9 par Siam Galton, check her on Facebook and Instagram<\/p>\n<p>https:\/\/instagram.com\/siamgalton?utm_medium=copy_link<\/p>\n","protected":false},"featured_media":410,"template":"","meta":[],"product_brand":[],"product_cat":[21],"product_tag":[],"class_list":{"0":"post-223","1":"product","2":"type-product","3":"status-publish","4":"has-post-thumbnail","6":"product_cat-t-shirt","7":"product_shipping_class-t-shirt","9":"first","10":"instock","11":"shipping-taxable","12":"purchasable","13":"product-type-variable"},"acf":[],"yoast_head":"<!-- This site is optimized with the Yoast SEO plugin v23.9 - https:\/\/yoast.com\/wordpress\/plugins\/seo\/ -->\n<title>2 END WARS<\/title>\n<meta name=\"robots\" content=\"index, follow, max-snippet:-1, max-image-preview:large, max-video-preview:-1\" \/>\n<link rel=\"canonical\" href=\"https:\/\/antifake.fr\/es\/shop\/t-shirt\/2-end-wars\/\" \/>\n<meta property=\"og:locale\" content=\"es_ES\" \/>\n<meta property=\"og:locale:alternate\" content=\"fr_FR\" \/>\n<meta property=\"og:type\" content=\"article\" \/>\n<meta property=\"og:title\" content=\"2 END WARS\" \/>\n<meta property=\"og:description\" content=\"2 END WARS\u00a0 \/ ref: TS07  Inspir\u00e9 d&#039;un graffiti &quot;PUNK&quot;, du d\u00e9but des ann\u00e9es 80 (les v\u00e9ritables cr\u00e9ateurs de ce que l&#039;on appelle le &quot;street art&quot;), cette fillette nous montre le chemin, elle nous appelle \u00e0 prendre conscience et \u00e0 s&#039;engager. L&#039;union fait la FORCE ! Ne l&#039;oubliez pas.  Mannequin: r\u00e9alis\u00e9 par Siam Galton, check her on Facebook and Instagram  https:\/\/instagram.com\/siamgalton?utm_medium=copy_link\" \/>\n<meta property=\"og:url\" content=\"https:\/\/antifake.fr\/es\/shop\/t-shirt\/2-end-wars\/\" \/>\n<meta property=\"og:site_name\" content=\"Antifake\" \/>\n<meta property=\"article:modified_time\" content=\"2022-05-08T22:19:20+00:00\" \/>\n<meta property=\"og:image\" content=\"https:\/\/antifake.fr\/wp-content\/uploads\/2022\/03\/Capture-de\u0301cran-2022-03-23-a\u0300-11.46.41.png\" \/>\n\t<meta property=\"og:image:width\" content=\"802\" \/>\n\t<meta property=\"og:image:height\" content=\"954\" \/>\n\t<meta property=\"og:image:type\" content=\"image\/png\" \/>\n<meta name=\"twitter:card\" content=\"summary_large_image\" \/>\n<script type=\"application\/ld+json\" class=\"yoast-schema-graph\">{\"@context\":\"https:\/\/schema.org\",\"@graph\":[{\"@type\":\"WebPage\",\"@id\":\"https:\/\/antifake.fr\/shop\/t-shirt\/2-end-wars\/\",\"url\":\"https:\/\/antifake.fr\/shop\/t-shirt\/2-end-wars\/\",\"name\":\"2 END WARS\",\"isPartOf\":{\"@id\":\"https:\/\/antifake.fr\/#website\"},\"primaryImageOfPage\":{\"@id\":\"https:\/\/antifake.fr\/shop\/t-shirt\/2-end-wars\/#primaryimage\"},\"image\":{\"@id\":\"https:\/\/antifake.fr\/shop\/t-shirt\/2-end-wars\/#primaryimage\"},\"thumbnailUrl\":\"https:\/\/antifake.fr\/wp-content\/uploads\/2022\/03\/Capture-de\u0301cran-2022-03-23-a\u0300-11.46.41.png\",\"datePublished\":\"2022-03-04T16:03:14+00:00\",\"dateModified\":\"2022-05-08T22:19:20+00:00\",\"breadcrumb\":{\"@id\":\"https:\/\/antifake.fr\/shop\/t-shirt\/2-end-wars\/#breadcrumb\"},\"inLanguage\":\"es-ES\",\"potentialAction\":[{\"@type\":\"ReadAction\",\"target\":[\"https:\/\/antifake.fr\/shop\/t-shirt\/2-end-wars\/\"]}]},{\"@type\":\"ImageObject\",\"inLanguage\":\"es-ES\",\"@id\":\"https:\/\/antifake.fr\/shop\/t-shirt\/2-end-wars\/#primaryimage\",\"url\":\"https:\/\/antifake.fr\/wp-content\/uploads\/2022\/03\/Capture-de\u0301cran-2022-03-23-a\u0300-11.46.41.png\",\"contentUrl\":\"https:\/\/antifake.fr\/wp-content\/uploads\/2022\/03\/Capture-de\u0301cran-2022-03-23-a\u0300-11.46.41.png\",\"width\":802,\"height\":954},{\"@type\":\"BreadcrumbList\",\"@id\":\"https:\/\/antifake.fr\/shop\/t-shirt\/2-end-wars\/#breadcrumb\",\"itemListElement\":[{\"@type\":\"ListItem\",\"position\":1,\"name\":\"Accueil\",\"item\":\"https:\/\/antifake.fr\/\"},{\"@type\":\"ListItem\",\"position\":2,\"name\":\"Shop\",\"item\":\"https:\/\/antifake.fr\/es\/shop\/\"},{\"@type\":\"ListItem\",\"position\":3,\"name\":\"2 END WARS\"}]},{\"@type\":\"WebSite\",\"@id\":\"https:\/\/antifake.fr\/#website\",\"url\":\"https:\/\/antifake.fr\/\",\"name\":\"Antifake\",\"description\":\"YES, WE CANnaBIS FREE!\",\"potentialAction\":[{\"@type\":\"SearchAction\",\"target\":{\"@type\":\"EntryPoint\",\"urlTemplate\":\"https:\/\/antifake.fr\/?s={search_term_string}\"},\"query-input\":{\"@type\":\"PropertyValueSpecification\",\"valueRequired\":true,\"valueName\":\"search_term_string\"}}],\"inLanguage\":\"es-ES\"}]}<\/script>\n<!-- \/ Yoast SEO plugin. -->","yoast_head_json":{"title":"2 END WARS","robots":{"index":"index","follow":"follow","max-snippet":"max-snippet:-1","max-image-preview":"max-image-preview:large","max-video-preview":"max-video-preview:-1"},"canonical":"https:\/\/antifake.fr\/es\/shop\/t-shirt\/2-end-wars\/","og_locale":"es_ES","og_type":"article","og_title":"[:fr]2 END WARS[:] - Antifake","og_description":"2 END WARS\u00a0 \/ ref: TS07  Inspir\u00e9 d'un graffiti \"PUNK\", du d\u00e9but des ann\u00e9es 80 (les v\u00e9ritables cr\u00e9ateurs de ce que l'on appelle le \"street art\"), cette fillette nous montre le chemin, elle nous appelle \u00e0 prendre conscience et \u00e0 s'engager. L'union fait la FORCE ! Ne l'oubliez pas.  Mannequin: r\u00e9alis\u00e9 par Siam Galton, check her on Facebook and Instagram  https:\/\/instagram.com\/siamgalton?utm_medium=copy_link","og_url":"https:\/\/antifake.fr\/es\/shop\/t-shirt\/2-end-wars\/","og_site_name":"Antifake","article_modified_time":"2022-05-08T22:19:20+00:00","og_image":[{"width":802,"height":954,"url":"https:\/\/antifake.fr\/wp-content\/uploads\/2022\/03\/Capture-de\u0301cran-2022-03-23-a\u0300-11.46.41.png","type":"image\/png"}],"twitter_card":"summary_large_image","schema":{"@context":"https:\/\/schema.org","@graph":[{"@type":"WebPage","@id":"https:\/\/antifake.fr\/shop\/t-shirt\/2-end-wars\/","url":"https:\/\/antifake.fr\/shop\/t-shirt\/2-end-wars\/","name":"2 END WARS","isPartOf":{"@id":"https:\/\/antifake.fr\/#website"},"primaryImageOfPage":{"@id":"https:\/\/antifake.fr\/shop\/t-shirt\/2-end-wars\/#primaryimage"},"image":{"@id":"https:\/\/antifake.fr\/shop\/t-shirt\/2-end-wars\/#primaryimage"},"thumbnailUrl":"https:\/\/antifake.fr\/wp-content\/uploads\/2022\/03\/Capture-de\u0301cran-2022-03-23-a\u0300-11.46.41.png","datePublished":"2022-03-04T16:03:14+00:00","dateModified":"2022-05-08T22:19:20+00:00","breadcrumb":{"@id":"https:\/\/antifake.fr\/shop\/t-shirt\/2-end-wars\/#breadcrumb"},"inLanguage":"es-ES","potentialAction":[{"@type":"ReadAction","target":["https:\/\/antifake.fr\/shop\/t-shirt\/2-end-wars\/"]}]},{"@type":"ImageObject","inLanguage":"es-ES","@id":"https:\/\/antifake.fr\/shop\/t-shirt\/2-end-wars\/#primaryimage","url":"https:\/\/antifake.fr\/wp-content\/uploads\/2022\/03\/Capture-de\u0301cran-2022-03-23-a\u0300-11.46.41.png","contentUrl":"https:\/\/antifake.fr\/wp-content\/uploads\/2022\/03\/Capture-de\u0301cran-2022-03-23-a\u0300-11.46.41.png","width":802,"height":954},{"@type":"BreadcrumbList","@id":"https:\/\/antifake.fr\/shop\/t-shirt\/2-end-wars\/#breadcrumb","itemListElement":[{"@type":"ListItem","position":1,"name":"Accueil","item":"https:\/\/antifake.fr\/"},{"@type":"ListItem","position":2,"name":"Shop","item":"https:\/\/antifake.fr\/es\/shop\/"},{"@type":"ListItem","position":3,"name":"2 END WARS"}]},{"@type":"WebSite","@id":"https:\/\/antifake.fr\/#website","url":"https:\/\/antifake.fr\/","name":"Antifake","description":"YES, WE CANnaBIS FREE!","potentialAction":[{"@type":"SearchAction","target":{"@type":"EntryPoint","urlTemplate":"https:\/\/antifake.fr\/?s={search_term_string}"},"query-input":{"@type":"PropertyValueSpecification","valueRequired":true,"valueName":"search_term_string"}}],"inLanguage":"es-ES"}]}},"_links":{"self":[{"href":"https:\/\/antifake.fr\/es\/wp-json\/wp\/v2\/product\/223","targetHints":{"allow":["GET"]}}],"collection":[{"href":"https:\/\/antifake.fr\/es\/wp-json\/wp\/v2\/product"}],"about":[{"href":"https:\/\/antifake.fr\/es\/wp-json\/wp\/v2\/types\/product"}],"wp:featuredmedia":[{"embeddable":true,"href":"https:\/\/antifake.fr\/es\/wp-json\/wp\/v2\/media\/410"}],"wp:attachment":[{"href":"https:\/\/antifake.fr\/es\/wp-json\/wp\/v2\/media?parent=223"}],"wp:term":[{"taxonomy":"product_brand","embeddable":true,"href":"https:\/\/antifake.fr\/es\/wp-json\/wp\/v2\/product_brand?post=223"},{"taxonomy":"product_cat","embeddable":true,"href":"https:\/\/antifake.fr\/es\/wp-json\/wp\/v2\/product_cat?post=223"},{"taxonomy":"product_tag","embeddable":true,"href":"https:\/\/antifake.fr\/es\/wp-json\/wp\/v2\/product_tag?post=223"}],"curies":[{"name":"wp","href":"https:\/\/api.w.org\/{rel}","templated":true}]}}