{"id":226,"date":"2022-03-04T18:07:45","date_gmt":"2022-03-04T17:07:45","guid":{"rendered":"https:\/\/antifake.fr\/?post_type=product&#038;p=226"},"modified":"2022-05-09T00:19:20","modified_gmt":"2022-05-08T22:19:20","slug":"they-want-you-poutine-biden","status":"publish","type":"product","link":"https:\/\/antifake.fr\/es\/shop\/t-shirt\/they-want-you-poutine-biden\/","title":{"rendered":"THEY WANT YOU &#8211; Poutine + Biden"},"content":{"rendered":"<p>THEY WANT YOU &#8211; Poutine + Biden \/ ref: TS10<\/p>\n<p>T-SHIRT 185 g\/m2 &#8211; 100% coton pr\u00e9r\u00e9tr\u00e9ci et ring-spun &#8211; Col rond \u00e0 bord c\u00f4te avec Bande de propret\u00e9 au cou en Structure tubulaire &#8211; Coupe classique UNISEXE &#8211; Lavable jusqu`\u00e0 40\u00b0C en lavoir, \u00e0 la main ou avec les pieds, on peut aussi utiliser une machine, de celles qui lavent le linge, c&#8217;est le mieux.<\/p>\n","protected":false},"excerpt":{"rendered":"<p>THEY WANT YOU \/ ref: TS10<\/p>\n<p>Le message est clair, Joe Poutine et Vladimir Biden sont bien les dirigeants aux pouvoirs qui nous entrainent dans cette guerre qui a lieu chez nous en Europe. Tout est question de fric, le reste ne compte pas pour ces dirigeants et ce ne sont pas nos dirigeants qui changeront quelque chose. Si ces syst\u00e8mes \u00abcapitalistes\u00bb, qu&#8217;ils soient \u00ablib\u00e9rale\u00bb ou \u00abautocratique\u00bb, n&#8217;\u00e9voluent pas, si nous ne les changeons pas, nous n&#8217;aurons pas besoin de guerres pour d\u00e9truire la plan\u00e8te et l&#8217;humanit\u00e9. Ils nous veulent comme chair \u00e0 canon, donnons-leurs du b\u00e2ton, offrons-nous un avenir.<\/p>\n<p>Mannequin: r\u00e9alis\u00e9 par Siam Galton, check her on Facebook and Instagram<\/p>\n<p>https:\/\/instagram.com\/siamgalton?utm_medium=copy_link<\/p>\n<p>&nbsp;<\/p>\n","protected":false},"featured_media":413,"template":"","meta":[],"product_brand":[],"product_cat":[21],"product_tag":[],"class_list":{"0":"post-226","1":"product","2":"type-product","3":"status-publish","4":"has-post-thumbnail","6":"product_cat-t-shirt","7":"product_shipping_class-t-shirt","9":"first","10":"instock","11":"shipping-taxable","12":"purchasable","13":"product-type-variable"},"acf":[],"yoast_head":"<!-- This site is optimized with the Yoast SEO plugin v23.9 - https:\/\/yoast.com\/wordpress\/plugins\/seo\/ -->\n<title>THEY WANT YOU - Poutine + Biden<\/title>\n<meta name=\"robots\" content=\"index, follow, max-snippet:-1, max-image-preview:large, max-video-preview:-1\" \/>\n<link rel=\"canonical\" href=\"https:\/\/antifake.fr\/es\/en\/shop\/t-shirt\/they-want-you-poutine-biden\/\" \/>\n<meta property=\"og:locale\" content=\"es_ES\" \/>\n<meta property=\"og:locale:alternate\" content=\"fr_FR\" \/>\n<meta property=\"og:type\" content=\"article\" \/>\n<meta property=\"og:title\" content=\"THEY WANT YOU - Poutine + Biden\" \/>\n<meta property=\"og:description\" content=\"THEY WANT YOU \/ ref: TS10  Le message est clair, Joe Poutine et Vladimir Biden sont bien les dirigeants aux pouvoirs qui nous entrainent dans cette guerre qui a lieu chez nous en Europe. Tout est question de fric, le reste ne compte pas pour ces dirigeants et ce ne sont pas nos dirigeants qui changeront quelque chose. Si ces syst\u00e8mes &quot;capitalistes&quot;, qu&#039;ils soient &quot;lib\u00e9rale&quot; ou &quot;autocratique&quot;, n&#039;\u00e9voluent pas, si nous ne les changeons pas, nous n&#039;aurons pas besoin de guerres pour d\u00e9truire la plan\u00e8te et l&#039;humanit\u00e9. Ils nous veulent comme chair \u00e0 canon, donnons-leurs du b\u00e2ton, offrons-nous un avenir.  Mannequin: r\u00e9alis\u00e9 par Siam Galton, check her on Facebook and Instagram  https:\/\/instagram.com\/siamgalton?utm_medium=copy_link  &nbsp;\" \/>\n<meta property=\"og:url\" content=\"https:\/\/antifake.fr\/es\/shop\/t-shirt\/they-want-you-poutine-biden\/\" \/>\n<meta property=\"og:site_name\" content=\"Antifake\" \/>\n<meta property=\"article:modified_time\" content=\"2022-05-08T22:19:20+00:00\" \/>\n<meta property=\"og:image\" content=\"https:\/\/antifake.fr\/wp-content\/uploads\/2022\/03\/Capture-de\u0301cran-2022-03-23-a\u0300-11.47.30.png\" \/>\n\t<meta property=\"og:image:width\" content=\"806\" \/>\n\t<meta property=\"og:image:height\" content=\"966\" \/>\n\t<meta property=\"og:image:type\" content=\"image\/png\" \/>\n<meta name=\"twitter:card\" content=\"summary_large_image\" \/>\n<script type=\"application\/ld+json\" class=\"yoast-schema-graph\">{\"@context\":\"https:\/\/schema.org\",\"@graph\":[{\"@type\":\"WebPage\",\"@id\":\"https:\/\/antifake.fr\/en\/shop\/t-shirt\/they-want-you-poutine-biden\/\",\"url\":\"https:\/\/antifake.fr\/en\/shop\/t-shirt\/they-want-you-poutine-biden\/\",\"name\":\"THEY WANT YOU - Poutine + Biden\",\"isPartOf\":{\"@id\":\"https:\/\/antifake.fr\/#website\"},\"primaryImageOfPage\":{\"@id\":\"https:\/\/antifake.fr\/en\/shop\/t-shirt\/they-want-you-poutine-biden\/#primaryimage\"},\"image\":{\"@id\":\"https:\/\/antifake.fr\/en\/shop\/t-shirt\/they-want-you-poutine-biden\/#primaryimage\"},\"thumbnailUrl\":\"https:\/\/antifake.fr\/wp-content\/uploads\/2022\/03\/Capture-de\u0301cran-2022-03-23-a\u0300-11.47.30.png\",\"datePublished\":\"2022-03-04T17:07:45+00:00\",\"dateModified\":\"2022-05-08T22:19:20+00:00\",\"breadcrumb\":{\"@id\":\"https:\/\/antifake.fr\/en\/shop\/t-shirt\/they-want-you-poutine-biden\/#breadcrumb\"},\"inLanguage\":\"es-ES\",\"potentialAction\":[{\"@type\":\"ReadAction\",\"target\":[\"https:\/\/antifake.fr\/en\/shop\/t-shirt\/they-want-you-poutine-biden\/\"]}]},{\"@type\":\"ImageObject\",\"inLanguage\":\"es-ES\",\"@id\":\"https:\/\/antifake.fr\/en\/shop\/t-shirt\/they-want-you-poutine-biden\/#primaryimage\",\"url\":\"https:\/\/antifake.fr\/wp-content\/uploads\/2022\/03\/Capture-de\u0301cran-2022-03-23-a\u0300-11.47.30.png\",\"contentUrl\":\"https:\/\/antifake.fr\/wp-content\/uploads\/2022\/03\/Capture-de\u0301cran-2022-03-23-a\u0300-11.47.30.png\",\"width\":806,\"height\":966},{\"@type\":\"BreadcrumbList\",\"@id\":\"https:\/\/antifake.fr\/en\/shop\/t-shirt\/they-want-you-poutine-biden\/#breadcrumb\",\"itemListElement\":[{\"@type\":\"ListItem\",\"position\":1,\"name\":\"Accueil\",\"item\":\"https:\/\/antifake.fr\/\"},{\"@type\":\"ListItem\",\"position\":2,\"name\":\"Shop\",\"item\":\"https:\/\/antifake.fr\/es\/shop\/\"},{\"@type\":\"ListItem\",\"position\":3,\"name\":\"THEY WANT YOU &#8211; Poutine + Biden\"}]},{\"@type\":\"WebSite\",\"@id\":\"https:\/\/antifake.fr\/#website\",\"url\":\"https:\/\/antifake.fr\/\",\"name\":\"Antifake\",\"description\":\"YES, WE CANnaBIS FREE!\",\"potentialAction\":[{\"@type\":\"SearchAction\",\"target\":{\"@type\":\"EntryPoint\",\"urlTemplate\":\"https:\/\/antifake.fr\/?s={search_term_string}\"},\"query-input\":{\"@type\":\"PropertyValueSpecification\",\"valueRequired\":true,\"valueName\":\"search_term_string\"}}],\"inLanguage\":\"es-ES\"}]}<\/script>\n<!-- \/ Yoast SEO plugin. -->","yoast_head_json":{"title":"THEY WANT YOU - Poutine + Biden","robots":{"index":"index","follow":"follow","max-snippet":"max-snippet:-1","max-image-preview":"max-image-preview:large","max-video-preview":"max-video-preview:-1"},"canonical":"https:\/\/antifake.fr\/es\/en\/shop\/t-shirt\/they-want-you-poutine-biden\/","og_locale":"es_ES","og_type":"article","og_title":"[:fr]THEY WANT YOU - Poutine + Biden[:] - Antifake","og_description":"THEY WANT YOU \/ ref: TS10  Le message est clair, Joe Poutine et Vladimir Biden sont bien les dirigeants aux pouvoirs qui nous entrainent dans cette guerre qui a lieu chez nous en Europe. Tout est question de fric, le reste ne compte pas pour ces dirigeants et ce ne sont pas nos dirigeants qui changeront quelque chose. Si ces syst\u00e8mes \"capitalistes\", qu'ils soient \"lib\u00e9rale\" ou \"autocratique\", n'\u00e9voluent pas, si nous ne les changeons pas, nous n'aurons pas besoin de guerres pour d\u00e9truire la plan\u00e8te et l'humanit\u00e9. Ils nous veulent comme chair \u00e0 canon, donnons-leurs du b\u00e2ton, offrons-nous un avenir.  Mannequin: r\u00e9alis\u00e9 par Siam Galton, check her on Facebook and Instagram  https:\/\/instagram.com\/siamgalton?utm_medium=copy_link  &nbsp;","og_url":"https:\/\/antifake.fr\/es\/shop\/t-shirt\/they-want-you-poutine-biden\/","og_site_name":"Antifake","article_modified_time":"2022-05-08T22:19:20+00:00","og_image":[{"width":806,"height":966,"url":"https:\/\/antifake.fr\/wp-content\/uploads\/2022\/03\/Capture-de\u0301cran-2022-03-23-a\u0300-11.47.30.png","type":"image\/png"}],"twitter_card":"summary_large_image","schema":{"@context":"https:\/\/schema.org","@graph":[{"@type":"WebPage","@id":"https:\/\/antifake.fr\/en\/shop\/t-shirt\/they-want-you-poutine-biden\/","url":"https:\/\/antifake.fr\/en\/shop\/t-shirt\/they-want-you-poutine-biden\/","name":"THEY WANT YOU - Poutine + Biden","isPartOf":{"@id":"https:\/\/antifake.fr\/#website"},"primaryImageOfPage":{"@id":"https:\/\/antifake.fr\/en\/shop\/t-shirt\/they-want-you-poutine-biden\/#primaryimage"},"image":{"@id":"https:\/\/antifake.fr\/en\/shop\/t-shirt\/they-want-you-poutine-biden\/#primaryimage"},"thumbnailUrl":"https:\/\/antifake.fr\/wp-content\/uploads\/2022\/03\/Capture-de\u0301cran-2022-03-23-a\u0300-11.47.30.png","datePublished":"2022-03-04T17:07:45+00:00","dateModified":"2022-05-08T22:19:20+00:00","breadcrumb":{"@id":"https:\/\/antifake.fr\/en\/shop\/t-shirt\/they-want-you-poutine-biden\/#breadcrumb"},"inLanguage":"es-ES","potentialAction":[{"@type":"ReadAction","target":["https:\/\/antifake.fr\/en\/shop\/t-shirt\/they-want-you-poutine-biden\/"]}]},{"@type":"ImageObject","inLanguage":"es-ES","@id":"https:\/\/antifake.fr\/en\/shop\/t-shirt\/they-want-you-poutine-biden\/#primaryimage","url":"https:\/\/antifake.fr\/wp-content\/uploads\/2022\/03\/Capture-de\u0301cran-2022-03-23-a\u0300-11.47.30.png","contentUrl":"https:\/\/antifake.fr\/wp-content\/uploads\/2022\/03\/Capture-de\u0301cran-2022-03-23-a\u0300-11.47.30.png","width":806,"height":966},{"@type":"BreadcrumbList","@id":"https:\/\/antifake.fr\/en\/shop\/t-shirt\/they-want-you-poutine-biden\/#breadcrumb","itemListElement":[{"@type":"ListItem","position":1,"name":"Accueil","item":"https:\/\/antifake.fr\/"},{"@type":"ListItem","position":2,"name":"Shop","item":"https:\/\/antifake.fr\/es\/shop\/"},{"@type":"ListItem","position":3,"name":"THEY WANT YOU &#8211; Poutine + Biden"}]},{"@type":"WebSite","@id":"https:\/\/antifake.fr\/#website","url":"https:\/\/antifake.fr\/","name":"Antifake","description":"YES, WE CANnaBIS FREE!","potentialAction":[{"@type":"SearchAction","target":{"@type":"EntryPoint","urlTemplate":"https:\/\/antifake.fr\/?s={search_term_string}"},"query-input":{"@type":"PropertyValueSpecification","valueRequired":true,"valueName":"search_term_string"}}],"inLanguage":"es-ES"}]}},"_links":{"self":[{"href":"https:\/\/antifake.fr\/es\/wp-json\/wp\/v2\/product\/226","targetHints":{"allow":["GET"]}}],"collection":[{"href":"https:\/\/antifake.fr\/es\/wp-json\/wp\/v2\/product"}],"about":[{"href":"https:\/\/antifake.fr\/es\/wp-json\/wp\/v2\/types\/product"}],"wp:featuredmedia":[{"embeddable":true,"href":"https:\/\/antifake.fr\/es\/wp-json\/wp\/v2\/media\/413"}],"wp:attachment":[{"href":"https:\/\/antifake.fr\/es\/wp-json\/wp\/v2\/media?parent=226"}],"wp:term":[{"taxonomy":"product_brand","embeddable":true,"href":"https:\/\/antifake.fr\/es\/wp-json\/wp\/v2\/product_brand?post=226"},{"taxonomy":"product_cat","embeddable":true,"href":"https:\/\/antifake.fr\/es\/wp-json\/wp\/v2\/product_cat?post=226"},{"taxonomy":"product_tag","embeddable":true,"href":"https:\/\/antifake.fr\/es\/wp-json\/wp\/v2\/product_tag?post=226"}],"curies":[{"name":"wp","href":"https:\/\/api.w.org\/{rel}","templated":true}]}}