{"id":443,"date":"2022-03-23T16:04:17","date_gmt":"2022-03-23T15:04:17","guid":{"rendered":"https:\/\/antifake.fr\/?post_type=product&#038;p=443"},"modified":"2022-05-09T00:19:20","modified_gmt":"2022-05-08T22:19:20","slug":"poutine-want-you-light-version-pour-les-timides","status":"publish","type":"product","link":"https:\/\/antifake.fr\/es\/shop\/t-shirt\/poutine-want-you-light-version-pour-les-timides\/","title":{"rendered":"POUTINE WANT YOU (light) version pour les timides"},"content":{"rendered":"<p>POUTINE WANT YOU (light) version pour les timides \/ ref: TS09 bis<\/p>\n<p>T-SHIRT 185 g\/m2 &#8211; 100% coton pr\u00e9r\u00e9tr\u00e9ci et ring-spun &#8211; Col rond \u00e0 bord c\u00f4te avec Bande de propret\u00e9 au cou en Structure tubulaire &#8211; Coupe classique UNISEXE &#8211; Lavable jusqu`\u00e0 40\u00b0C en lavoir, \u00e0 la main ou avec les pieds, on peut aussi utiliser une machine, de celles qui lavent le linge, c&#8217;est le mieux.<\/p>\n","protected":false},"excerpt":{"rendered":"<p>POUTINE WANT YOU (light) version pour les timides \/ ref: TS09 bis<\/p>\n<p>L&#8217;oncle Sam invitait ses compatriotes \u00e0 rejoindre le bureau de recrutement le plus proche pour int\u00e9grer l&#8217;arm\u00e9e US. Si Poutine est le fou qui a d\u00e9clench\u00e9 la GUERRE en Ukraine, il n&#8217;en reste pas moins que l&#8217;occident et les USA en premiers sont ceux qui n&#8217;ont pas respect\u00e9 leurs engagements et ont laiss\u00e9 pourrir la situation dans certaines r\u00e9gions de l&#8217;est. La version \u00ablight\u00bb (oncle Sam est moins visible pour ceux qui ne sont pas compl\u00e8tement convaincus)<\/p>\n<p>La version \u00abgrey\u00bb pour ceux qui savent et qui ont compris.<\/p>\n","protected":false},"featured_media":446,"template":"","meta":[],"product_brand":[],"product_cat":[21],"product_tag":[],"class_list":{"0":"post-443","1":"product","2":"type-product","3":"status-publish","4":"has-post-thumbnail","6":"product_cat-t-shirt","7":"product_shipping_class-t-shirt","9":"first","10":"instock","11":"shipping-taxable","12":"purchasable","13":"product-type-variable"},"acf":[],"yoast_head":"<!-- This site is optimized with the Yoast SEO plugin v23.9 - https:\/\/yoast.com\/wordpress\/plugins\/seo\/ -->\n<title>POUTINE WANT YOU (light) version pour les timides<\/title>\n<meta name=\"robots\" content=\"index, follow, max-snippet:-1, max-image-preview:large, max-video-preview:-1\" \/>\n<link rel=\"canonical\" href=\"https:\/\/antifake.fr\/es\/en\/shop\/t-shirt\/poutine-want-you-light-version-pour-les-timides\/\" \/>\n<meta property=\"og:locale\" content=\"es_ES\" \/>\n<meta property=\"og:locale:alternate\" content=\"fr_FR\" \/>\n<meta property=\"og:type\" content=\"article\" \/>\n<meta property=\"og:title\" content=\"POUTINE WANT YOU (light) version pour les timides\" \/>\n<meta property=\"og:description\" content=\"POUTINE WANT YOU (light) version pour les timides \/ ref: TS09 bis  L&#039;oncle Sam invitait ses compatriotes \u00e0 rejoindre le bureau de recrutement le plus proche pour int\u00e9grer l&#039;arm\u00e9e US. Si Poutine est le fou qui a d\u00e9clench\u00e9 la GUERRE en Ukraine, il n&#039;en reste pas moins que l&#039;occident et les USA en premiers sont ceux qui n&#039;ont pas respect\u00e9 leurs engagements et ont laiss\u00e9 pourrir la situation dans certaines r\u00e9gions de l&#039;est. La version &quot;light&quot; (oncle Sam est moins visible pour ceux qui ne sont pas compl\u00e8tement convaincus)  La version &quot;grey&quot; pour ceux qui savent et qui ont compris.\" \/>\n<meta property=\"og:url\" content=\"https:\/\/antifake.fr\/es\/shop\/t-shirt\/poutine-want-you-light-version-pour-les-timides\/\" \/>\n<meta property=\"og:site_name\" content=\"Antifake\" \/>\n<meta property=\"article:modified_time\" content=\"2022-05-08T22:19:20+00:00\" \/>\n<meta property=\"og:image\" content=\"https:\/\/antifake.fr\/wp-content\/uploads\/2022\/03\/IMG_9849-scaled.jpg\" \/>\n\t<meta property=\"og:image:width\" content=\"1920\" \/>\n\t<meta property=\"og:image:height\" content=\"2560\" \/>\n\t<meta property=\"og:image:type\" content=\"image\/jpeg\" \/>\n<meta name=\"twitter:card\" content=\"summary_large_image\" \/>\n<script type=\"application\/ld+json\" class=\"yoast-schema-graph\">{\"@context\":\"https:\/\/schema.org\",\"@graph\":[{\"@type\":\"WebPage\",\"@id\":\"https:\/\/antifake.fr\/en\/shop\/t-shirt\/poutine-want-you-light-version-pour-les-timides\/\",\"url\":\"https:\/\/antifake.fr\/en\/shop\/t-shirt\/poutine-want-you-light-version-pour-les-timides\/\",\"name\":\"POUTINE WANT YOU (light) version pour les timides\",\"isPartOf\":{\"@id\":\"https:\/\/antifake.fr\/#website\"},\"primaryImageOfPage\":{\"@id\":\"https:\/\/antifake.fr\/en\/shop\/t-shirt\/poutine-want-you-light-version-pour-les-timides\/#primaryimage\"},\"image\":{\"@id\":\"https:\/\/antifake.fr\/en\/shop\/t-shirt\/poutine-want-you-light-version-pour-les-timides\/#primaryimage\"},\"thumbnailUrl\":\"https:\/\/antifake.fr\/wp-content\/uploads\/2022\/03\/IMG_9849-scaled.jpg\",\"datePublished\":\"2022-03-23T15:04:17+00:00\",\"dateModified\":\"2022-05-08T22:19:20+00:00\",\"breadcrumb\":{\"@id\":\"https:\/\/antifake.fr\/en\/shop\/t-shirt\/poutine-want-you-light-version-pour-les-timides\/#breadcrumb\"},\"inLanguage\":\"es-ES\",\"potentialAction\":[{\"@type\":\"ReadAction\",\"target\":[\"https:\/\/antifake.fr\/en\/shop\/t-shirt\/poutine-want-you-light-version-pour-les-timides\/\"]}]},{\"@type\":\"ImageObject\",\"inLanguage\":\"es-ES\",\"@id\":\"https:\/\/antifake.fr\/en\/shop\/t-shirt\/poutine-want-you-light-version-pour-les-timides\/#primaryimage\",\"url\":\"https:\/\/antifake.fr\/wp-content\/uploads\/2022\/03\/IMG_9849-scaled.jpg\",\"contentUrl\":\"https:\/\/antifake.fr\/wp-content\/uploads\/2022\/03\/IMG_9849-scaled.jpg\",\"width\":1920,\"height\":2560},{\"@type\":\"BreadcrumbList\",\"@id\":\"https:\/\/antifake.fr\/en\/shop\/t-shirt\/poutine-want-you-light-version-pour-les-timides\/#breadcrumb\",\"itemListElement\":[{\"@type\":\"ListItem\",\"position\":1,\"name\":\"Accueil\",\"item\":\"https:\/\/antifake.fr\/\"},{\"@type\":\"ListItem\",\"position\":2,\"name\":\"Shop\",\"item\":\"https:\/\/antifake.fr\/es\/shop\/\"},{\"@type\":\"ListItem\",\"position\":3,\"name\":\"POUTINE WANT YOU (light) version pour les timides\"}]},{\"@type\":\"WebSite\",\"@id\":\"https:\/\/antifake.fr\/#website\",\"url\":\"https:\/\/antifake.fr\/\",\"name\":\"Antifake\",\"description\":\"YES, WE CANnaBIS FREE!\",\"potentialAction\":[{\"@type\":\"SearchAction\",\"target\":{\"@type\":\"EntryPoint\",\"urlTemplate\":\"https:\/\/antifake.fr\/?s={search_term_string}\"},\"query-input\":{\"@type\":\"PropertyValueSpecification\",\"valueRequired\":true,\"valueName\":\"search_term_string\"}}],\"inLanguage\":\"es-ES\"}]}<\/script>\n<!-- \/ Yoast SEO plugin. -->","yoast_head_json":{"title":"POUTINE WANT YOU (light) version pour les timides","robots":{"index":"index","follow":"follow","max-snippet":"max-snippet:-1","max-image-preview":"max-image-preview:large","max-video-preview":"max-video-preview:-1"},"canonical":"https:\/\/antifake.fr\/es\/en\/shop\/t-shirt\/poutine-want-you-light-version-pour-les-timides\/","og_locale":"es_ES","og_type":"article","og_title":"[:fr]POUTINE WANT YOU (light) version pour les timides[:] - Antifake","og_description":"POUTINE WANT YOU (light) version pour les timides \/ ref: TS09 bis  L'oncle Sam invitait ses compatriotes \u00e0 rejoindre le bureau de recrutement le plus proche pour int\u00e9grer l'arm\u00e9e US. Si Poutine est le fou qui a d\u00e9clench\u00e9 la GUERRE en Ukraine, il n'en reste pas moins que l'occident et les USA en premiers sont ceux qui n'ont pas respect\u00e9 leurs engagements et ont laiss\u00e9 pourrir la situation dans certaines r\u00e9gions de l'est. La version \"light\" (oncle Sam est moins visible pour ceux qui ne sont pas compl\u00e8tement convaincus)  La version \"grey\" pour ceux qui savent et qui ont compris.","og_url":"https:\/\/antifake.fr\/es\/shop\/t-shirt\/poutine-want-you-light-version-pour-les-timides\/","og_site_name":"Antifake","article_modified_time":"2022-05-08T22:19:20+00:00","og_image":[{"width":1920,"height":2560,"url":"https:\/\/antifake.fr\/wp-content\/uploads\/2022\/03\/IMG_9849-scaled.jpg","type":"image\/jpeg"}],"twitter_card":"summary_large_image","schema":{"@context":"https:\/\/schema.org","@graph":[{"@type":"WebPage","@id":"https:\/\/antifake.fr\/en\/shop\/t-shirt\/poutine-want-you-light-version-pour-les-timides\/","url":"https:\/\/antifake.fr\/en\/shop\/t-shirt\/poutine-want-you-light-version-pour-les-timides\/","name":"POUTINE WANT YOU (light) version pour les timides","isPartOf":{"@id":"https:\/\/antifake.fr\/#website"},"primaryImageOfPage":{"@id":"https:\/\/antifake.fr\/en\/shop\/t-shirt\/poutine-want-you-light-version-pour-les-timides\/#primaryimage"},"image":{"@id":"https:\/\/antifake.fr\/en\/shop\/t-shirt\/poutine-want-you-light-version-pour-les-timides\/#primaryimage"},"thumbnailUrl":"https:\/\/antifake.fr\/wp-content\/uploads\/2022\/03\/IMG_9849-scaled.jpg","datePublished":"2022-03-23T15:04:17+00:00","dateModified":"2022-05-08T22:19:20+00:00","breadcrumb":{"@id":"https:\/\/antifake.fr\/en\/shop\/t-shirt\/poutine-want-you-light-version-pour-les-timides\/#breadcrumb"},"inLanguage":"es-ES","potentialAction":[{"@type":"ReadAction","target":["https:\/\/antifake.fr\/en\/shop\/t-shirt\/poutine-want-you-light-version-pour-les-timides\/"]}]},{"@type":"ImageObject","inLanguage":"es-ES","@id":"https:\/\/antifake.fr\/en\/shop\/t-shirt\/poutine-want-you-light-version-pour-les-timides\/#primaryimage","url":"https:\/\/antifake.fr\/wp-content\/uploads\/2022\/03\/IMG_9849-scaled.jpg","contentUrl":"https:\/\/antifake.fr\/wp-content\/uploads\/2022\/03\/IMG_9849-scaled.jpg","width":1920,"height":2560},{"@type":"BreadcrumbList","@id":"https:\/\/antifake.fr\/en\/shop\/t-shirt\/poutine-want-you-light-version-pour-les-timides\/#breadcrumb","itemListElement":[{"@type":"ListItem","position":1,"name":"Accueil","item":"https:\/\/antifake.fr\/"},{"@type":"ListItem","position":2,"name":"Shop","item":"https:\/\/antifake.fr\/es\/shop\/"},{"@type":"ListItem","position":3,"name":"POUTINE WANT YOU (light) version pour les timides"}]},{"@type":"WebSite","@id":"https:\/\/antifake.fr\/#website","url":"https:\/\/antifake.fr\/","name":"Antifake","description":"YES, WE CANnaBIS FREE!","potentialAction":[{"@type":"SearchAction","target":{"@type":"EntryPoint","urlTemplate":"https:\/\/antifake.fr\/?s={search_term_string}"},"query-input":{"@type":"PropertyValueSpecification","valueRequired":true,"valueName":"search_term_string"}}],"inLanguage":"es-ES"}]}},"_links":{"self":[{"href":"https:\/\/antifake.fr\/es\/wp-json\/wp\/v2\/product\/443","targetHints":{"allow":["GET"]}}],"collection":[{"href":"https:\/\/antifake.fr\/es\/wp-json\/wp\/v2\/product"}],"about":[{"href":"https:\/\/antifake.fr\/es\/wp-json\/wp\/v2\/types\/product"}],"wp:featuredmedia":[{"embeddable":true,"href":"https:\/\/antifake.fr\/es\/wp-json\/wp\/v2\/media\/446"}],"wp:attachment":[{"href":"https:\/\/antifake.fr\/es\/wp-json\/wp\/v2\/media?parent=443"}],"wp:term":[{"taxonomy":"product_brand","embeddable":true,"href":"https:\/\/antifake.fr\/es\/wp-json\/wp\/v2\/product_brand?post=443"},{"taxonomy":"product_cat","embeddable":true,"href":"https:\/\/antifake.fr\/es\/wp-json\/wp\/v2\/product_cat?post=443"},{"taxonomy":"product_tag","embeddable":true,"href":"https:\/\/antifake.fr\/es\/wp-json\/wp\/v2\/product_tag?post=443"}],"curies":[{"name":"wp","href":"https:\/\/api.w.org\/{rel}","templated":true}]}}